{"id":10755,"date":"2026-05-12T08:32:21","date_gmt":"2026-05-12T08:32:21","guid":{"rendered":"https:\/\/gruene-fraktion.la\/?page_id=10755"},"modified":"2026-05-12T08:48:25","modified_gmt":"2026-05-12T08:48:25","slug":"anita-gromotka","status":"publish","type":"page","link":"https:\/\/gruene-fraktion.la\/?page_id=10755","title":{"rendered":"Anita Gromotka"},"content":{"rendered":"\t\t<div data-elementor-type=\"wp-page\" data-elementor-id=\"10755\" class=\"elementor elementor-10755\">\n\t\t\t\t\t\t<section class=\"elementor-section elementor-top-section elementor-element elementor-element-fb10da9 elementor-section-boxed elementor-section-height-default elementor-section-height-default\" data-id=\"fb10da9\" data-element_type=\"section\" data-e-type=\"section\">\n\t\t\t\t\t\t<div class=\"elementor-container elementor-column-gap-default\">\n\t\t\t\t\t<div class=\"elementor-column elementor-col-50 elementor-top-column elementor-element elementor-element-d6248cb\" data-id=\"d6248cb\" data-element_type=\"column\" data-e-type=\"column\">\n\t\t\t<div class=\"elementor-widget-wrap elementor-element-populated\">\n\t\t\t\t\t\t<div class=\"elementor-element elementor-element-c8af9e7 elementor-widget elementor-widget-image\" data-id=\"c8af9e7\" data-element_type=\"widget\" data-e-type=\"widget\" data-widget_type=\"image.default\">\n\t\t\t\t<div class=\"elementor-widget-container\">\n\t\t\t\t\t\t\t\t\t\t\t\t\t\t\t<img decoding=\"async\" src=\"https:\/\/gruene-fraktion.la\/wp-content\/uploads\/elementor\/thumbs\/Anita-Gromotka-web-07.04.2026-rnc7jfv18vcvyxrnu4d45n50a0v8xeka0t48p1i8a8.jpg\" title=\"Anita Gromotka\" alt=\"Anita Gromotka\" loading=\"lazy\" \/>\t\t\t\t\t\t\t\t\t\t\t\t\t\t\t<\/div>\n\t\t\t\t<\/div>\n\t\t\t\t\t<\/div>\n\t\t<\/div>\n\t\t\t\t<div class=\"elementor-column elementor-col-50 elementor-top-column elementor-element elementor-element-f3a6b6b\" data-id=\"f3a6b6b\" data-element_type=\"column\" data-e-type=\"column\">\n\t\t\t<div class=\"elementor-widget-wrap elementor-element-populated\">\n\t\t\t\t\t\t\t<\/div>\n\t\t<\/div>\n\t\t\t\t\t<\/div>\n\t\t<\/section>\n\t\t\t\t<section class=\"elementor-section elementor-top-section elementor-element elementor-element-119f45b elementor-section-boxed elementor-section-height-default elementor-section-height-default\" data-id=\"119f45b\" data-element_type=\"section\" data-e-type=\"section\">\n\t\t\t\t\t\t<div class=\"elementor-container elementor-column-gap-default\">\n\t\t\t\t\t<div class=\"elementor-column elementor-col-100 elementor-top-column elementor-element elementor-element-c289cca\" data-id=\"c289cca\" data-element_type=\"column\" data-e-type=\"column\">\n\t\t\t<div class=\"elementor-widget-wrap elementor-element-populated\">\n\t\t\t\t\t\t<div class=\"elementor-element elementor-element-56b8277 elementor-widget elementor-widget-text-editor\" data-id=\"56b8277\" data-element_type=\"widget\" data-e-type=\"widget\" data-widget_type=\"text-editor.default\">\n\t\t\t\t<div class=\"elementor-widget-container\">\n\t\t\t\t\t\t\t\t\t<p style=\"text-align: center;\"><span style=\"color: #000000;\">Jahrgang 1971, Einzelh\u00e4ndlerin f\u00fcr Biolebensmittel, verheiratet, zwei erwachsene S\u00f6hne<\/span><\/p><p><span style=\"color: #000000;\">Geboren und aufgewachsen im Erdinger Holzland war die Stadt Landshut von Jugend an meine erste Anlaufstelle als Einkaufs- und Kulturzentrum. Seit 2016 lebe und arbeite ich nun auch in dieser wunderbaren Stadt.<\/span><\/p><p><span style=\"color: #000000;\">Mein politischer Schwerpunkt gilt den Themen Umwelt und \u00f6kologischer Landbau. Aber als aktive L\u00e4uferin, Mutter von zwei Eishockeyspielern und weil ich die kulturellen Angebote dieser Stadt schon immer sehr gerne nutze, sind mir auch die Themen Sport und Kultur als Teil einer lebendigen Stadt ganz besonders wichtig.<\/span><\/p><p><span style=\"color: #000000;\">Mein Ziel ist eine \u00f6kologisch vertr\u00e4gliche Stadtentwicklung. Denn es braucht \u00fcberall lokales Engagement, um unsere Lebensgrundlagen zu erhalten. Mir geht es dabei immer um praktische Ans\u00e4tze. Ob das in meinem eignen Garten ist, bei der Organisation einer guten Ausser-Haus-Verpflegung oder einer sinnvollen Mobilit\u00e4tsplanung. Es muss gut f\u00fcr die Umwelt sein, gut f\u00fcr die Menschen und den Spa\u00df am Leben f\u00f6rdern.<\/span><\/p>\t\t\t\t\t\t\t\t<\/div>\n\t\t\t\t<\/div>\n\t\t\t\t\t<\/div>\n\t\t<\/div>\n\t\t\t\t\t<\/div>\n\t\t<\/section>\n\t\t\t\t<section class=\"elementor-section elementor-top-section elementor-element elementor-element-2a01898 elementor-section-boxed elementor-section-height-default elementor-section-height-default\" data-id=\"2a01898\" data-element_type=\"section\" data-e-type=\"section\">\n\t\t\t\t\t\t<div class=\"elementor-container elementor-column-gap-default\">\n\t\t\t\t\t<div class=\"elementor-column elementor-col-100 elementor-top-column elementor-element elementor-element-ee64eaa\" data-id=\"ee64eaa\" data-element_type=\"column\" data-e-type=\"column\">\n\t\t\t<div class=\"elementor-widget-wrap elementor-element-populated\">\n\t\t\t\t\t\t<div class=\"elementor-element elementor-element-0582ff1 elementor-widget elementor-widget-text-editor\" data-id=\"0582ff1\" data-element_type=\"widget\" data-e-type=\"widget\" data-widget_type=\"text-editor.default\">\n\t\t\t\t<div class=\"elementor-widget-container\">\n\t\t\t\t\t\t\t\t\t<p><span style=\"color: #000000;\"><strong>Kontakt:<\/strong><span style=\"color: #339966;\"> <a style=\"color: #339966;\" href=\"mailto:Anita.Gromotka@gruene-fraktion.la\">Anita.Gromotka@gruene-fraktion.la<\/a><\/span><\/span><\/p>\t\t\t\t\t\t\t\t<\/div>\n\t\t\t\t<\/div>\n\t\t\t\t\t<\/div>\n\t\t<\/div>\n\t\t\t\t\t<\/div>\n\t\t<\/section>\n\t\t\t\t<\/div>\n\t\t","protected":false},"excerpt":{"rendered":"<p>Jahrgang 1971, Einzelh\u00e4ndlerin f\u00fcr Biolebensmittel, verheiratet, zwei erwachsene S\u00f6hne Geboren und aufgewachsen im Erdinger Holzland war die Stadt Landshut von Jugend an meine erste Anlaufstelle als Einkaufs- und Kulturzentrum. Seit&#8230; <\/p>\n","protected":false},"author":1,"featured_media":0,"parent":12,"menu_order":5,"comment_status":"closed","ping_status":"closed","template":"","meta":{"_eb_attr":"","footnotes":""},"class_list":["post-10755","page","type-page","status-publish","hentry"],"_links":{"self":[{"href":"https:\/\/gruene-fraktion.la\/index.php?rest_route=\/wp\/v2\/pages\/10755","targetHints":{"allow":["GET"]}}],"collection":[{"href":"https:\/\/gruene-fraktion.la\/index.php?rest_route=\/wp\/v2\/pages"}],"about":[{"href":"https:\/\/gruene-fraktion.la\/index.php?rest_route=\/wp\/v2\/types\/page"}],"author":[{"embeddable":true,"href":"https:\/\/gruene-fraktion.la\/index.php?rest_route=\/wp\/v2\/users\/1"}],"replies":[{"embeddable":true,"href":"https:\/\/gruene-fraktion.la\/index.php?rest_route=%2Fwp%2Fv2%2Fcomments&post=10755"}],"version-history":[{"count":19,"href":"https:\/\/gruene-fraktion.la\/index.php?rest_route=\/wp\/v2\/pages\/10755\/revisions"}],"predecessor-version":[{"id":10831,"href":"https:\/\/gruene-fraktion.la\/index.php?rest_route=\/wp\/v2\/pages\/10755\/revisions\/10831"}],"up":[{"embeddable":true,"href":"https:\/\/gruene-fraktion.la\/index.php?rest_route=\/wp\/v2\/pages\/12"}],"wp:attachment":[{"href":"https:\/\/gruene-fraktion.la\/index.php?rest_route=%2Fwp%2Fv2%2Fmedia&parent=10755"}],"curies":[{"name":"wp","href":"https:\/\/api.w.org\/{rel}","templated":true}]}}