{"id":7325,"date":"2020-02-18T13:51:33","date_gmt":"2020-02-18T13:51:33","guid":{"rendered":"https:\/\/xn--grne-fraktion-landshut-tlc.de\/?page_id=7325"},"modified":"2020-02-18T14:56:27","modified_gmt":"2020-02-18T14:56:27","slug":"kultur-und-freizeit-und-sport","status":"publish","type":"page","link":"https:\/\/gruene-fraktion.la\/?page_id=7325","title":{"rendered":"Kultur, Freizeit und Sport"},"content":{"rendered":"\t\t<div data-elementor-type=\"wp-page\" data-elementor-id=\"7325\" class=\"elementor elementor-7325\">\n\t\t\t\t\t\t<section class=\"elementor-section elementor-top-section elementor-element elementor-element-513d280 elementor-section-boxed elementor-section-height-default elementor-section-height-default\" data-id=\"513d280\" data-element_type=\"section\" data-e-type=\"section\">\n\t\t\t\t\t\t<div class=\"elementor-container elementor-column-gap-default\">\n\t\t\t\t\t<div class=\"elementor-column elementor-col-100 elementor-top-column elementor-element elementor-element-964b904\" data-id=\"964b904\" data-element_type=\"column\" data-e-type=\"column\">\n\t\t\t<div class=\"elementor-widget-wrap elementor-element-populated\">\n\t\t\t\t\t\t<div class=\"elementor-element elementor-element-45224fe elementor-widget elementor-widget-image\" data-id=\"45224fe\" data-element_type=\"widget\" data-e-type=\"widget\" data-widget_type=\"image.default\">\n\t\t\t\t<div class=\"elementor-widget-container\">\n\t\t\t\t\t\t\t\t\t\t\t\t\t\t\t<img fetchpriority=\"high\" decoding=\"async\" width=\"783\" height=\"522\" src=\"https:\/\/gruene-fraktion.la\/wp-content\/uploads\/2020\/02\/Bernlochner-376-800x533.jpg\" class=\"attachment-large size-large wp-image-30\" alt=\"\" srcset=\"https:\/\/gruene-fraktion.la\/wp-content\/uploads\/2020\/02\/Bernlochner-376-800x533.jpg 800w, https:\/\/gruene-fraktion.la\/wp-content\/uploads\/2020\/02\/Bernlochner-376-400x267.jpg 400w, https:\/\/gruene-fraktion.la\/wp-content\/uploads\/2020\/02\/Bernlochner-376-768x512.jpg 768w, https:\/\/gruene-fraktion.la\/wp-content\/uploads\/2020\/02\/Bernlochner-376-1536x1024.jpg 1536w, https:\/\/gruene-fraktion.la\/wp-content\/uploads\/2020\/02\/Bernlochner-376-2048x1365.jpg 2048w, https:\/\/gruene-fraktion.la\/wp-content\/uploads\/2020\/02\/Bernlochner-376-150x100.jpg 150w\" sizes=\"(max-width: 783px) 100vw, 783px\" title=\"Bernlochner-376\" \/>\t\t\t\t\t\t\t\t\t\t\t\t\t\t\t<\/div>\n\t\t\t\t<\/div>\n\t\t\t\t\t<\/div>\n\t\t<\/div>\n\t\t\t\t\t<\/div>\n\t\t<\/section>\n\t\t\t\t<section class=\"elementor-section elementor-top-section elementor-element elementor-element-1c98892 elementor-section-boxed elementor-section-height-default elementor-section-height-default\" data-id=\"1c98892\" data-element_type=\"section\" data-e-type=\"section\">\n\t\t\t\t\t\t<div class=\"elementor-container elementor-column-gap-default\">\n\t\t\t\t\t<div class=\"elementor-column elementor-col-100 elementor-top-column elementor-element elementor-element-285d4d4\" data-id=\"285d4d4\" data-element_type=\"column\" data-e-type=\"column\">\n\t\t\t<div class=\"elementor-widget-wrap elementor-element-populated\">\n\t\t\t\t\t\t<div class=\"elementor-element elementor-element-a51a6d1 elementor-widget elementor-widget-text-editor\" data-id=\"a51a6d1\" data-element_type=\"widget\" data-e-type=\"widget\" data-widget_type=\"text-editor.default\">\n\t\t\t\t<div class=\"elementor-widget-container\">\n\t\t\t\t\t\t\t\t\t<p><span style=\"color: #000000;\">Wir wollen dem kulturellen Leben in Landshut neuen Schwung geben. Dazu braucht es Freir\u00e4ume f\u00fcr eine lebendige, freie und kreative Kulturszene genauso wie eine attraktive Museumslandschaft. Wir stehen auch weiterhin f\u00fcr die R\u00fcckkehr des Stadttheaters in die Innenstadt und wollen ein kreatives Zentrum in der ehemaligen Martinsschule etablieren. Kunst im \u00f6ffentlichen Raum werden wir f\u00f6rdern und Erinnerungskultur im Stadtbild sichtbar machen.<\/span><\/p><p><span style=\"color: #000000;\">Auch im Bereich Bildung kann die Stadt an vielen Stellen aufholen: Es braucht einen Ausbau der Ganztagesangebote an den Landshuter Schulen und Kitas. Eine verst\u00e4rkte Jugendsozialarbeit sowie ein fl\u00e4chendeckendes musikalisches Angebot sorgen f\u00fcr ein attraktives Lernumfeld f\u00fcr Kinder und Jugendliche. Au\u00dferdem setzten wir uns ein f\u00fcr eine sport- und bewegungsfreundliche Stadtgesellschaft ein. Neben dem gro\u00dfartigen ehrenamtlichen Engagement in den Vereinen braucht es hier vor allem mehr Naherholungs- und Bewegungsr\u00e4ume in der freie Natur sowie barrierefreie und quartiersnahe Sportst\u00e4tten.<\/span><\/p>\t\t\t\t\t\t\t\t<\/div>\n\t\t\t\t<\/div>\n\t\t\t\t\t<\/div>\n\t\t<\/div>\n\t\t\t\t\t<\/div>\n\t\t<\/section>\n\t\t\t\t<section class=\"elementor-section elementor-top-section elementor-element elementor-element-216a870 elementor-section-boxed elementor-section-height-default elementor-section-height-default\" data-id=\"216a870\" data-element_type=\"section\" data-e-type=\"section\">\n\t\t\t\t\t\t<div class=\"elementor-container elementor-column-gap-default\">\n\t\t\t\t\t<div class=\"elementor-column elementor-col-100 elementor-top-column elementor-element elementor-element-bd7a354\" data-id=\"bd7a354\" data-element_type=\"column\" data-e-type=\"column\">\n\t\t\t<div class=\"elementor-widget-wrap elementor-element-populated\">\n\t\t\t\t\t\t<div class=\"elementor-element elementor-element-f152663 elementor-widget elementor-widget-heading\" data-id=\"f152663\" data-element_type=\"widget\" data-e-type=\"widget\" data-widget_type=\"heading.default\">\n\t\t\t\t<div class=\"elementor-widget-container\">\n\t\t\t\t\t<h2 class=\"elementor-heading-title elementor-size-default\">Themenbezogene Beitr\u00e4ge:<\/h2>\t\t\t\t<\/div>\n\t\t\t\t<\/div>\n\t\t\t\t<div class=\"elementor-element elementor-element-215fe3a elementor-widget elementor-widget-shortcode\" data-id=\"215fe3a\" data-element_type=\"widget\" data-e-type=\"widget\" data-widget_type=\"shortcode.default\">\n\t\t\t\t<div class=\"elementor-widget-container\">\n\t\t\t\t\t\t\t<div class=\"elementor-shortcode\"><div id=\"upl-list-7329\" class=\"upl-list\">\n<ul>\n<li><div class=\"upl-post-thumbnail\"><a class=\"fancybox\" rel=\"gallery7976\" href=\"https:\/\/gruene-fraktion.la\/?p=10614\"><img decoding=\"async\" width=\"75\" height=\"75\" src=\"https:\/\/gruene-fraktion.la\/wp-content\/uploads\/2026\/02\/fotoblend-banknotes-7850299_1280_Haushalt-150x150.jpg\" class=\"attachment-75x75 size-75x75 wp-post-image\" alt=\"\" srcset=\"https:\/\/gruene-fraktion.la\/wp-content\/uploads\/2026\/02\/fotoblend-banknotes-7850299_1280_Haushalt-150x150.jpg 150w, https:\/\/gruene-fraktion.la\/wp-content\/uploads\/2026\/02\/fotoblend-banknotes-7850299_1280_Haushalt-400x400.jpg 400w\" sizes=\"(max-width: 75px) 100vw, 75px\" title=\"fotoblend-banknotes-7850299_1280_Haushalt\" \/><\/a><\/div><div class=\"upl-post-date\">Februar 12, 2026<\/div><div class=\"upl-post-title\"><a href=\"https:\/\/gruene-fraktion.la\/?p=10614\">Aktueller Stand: Antr\u00e4ge zum Haushaltsplenum<\/a><\/div><\/li>\n<li><div class=\"upl-post-thumbnail\"><a class=\"fancybox\" rel=\"gallery7976\" href=\"https:\/\/gruene-fraktion.la\/?p=10425\"><img decoding=\"async\" width=\"75\" height=\"75\" src=\"https:\/\/gruene-fraktion.la\/wp-content\/uploads\/2023\/05\/sharepic2-150x150.jpg\" class=\"attachment-75x75 size-75x75 wp-post-image\" alt=\"\" srcset=\"https:\/\/gruene-fraktion.la\/wp-content\/uploads\/2023\/05\/sharepic2-150x150.jpg 150w, https:\/\/gruene-fraktion.la\/wp-content\/uploads\/2023\/05\/sharepic2-400x400.jpg 400w\" sizes=\"(max-width: 75px) 100vw, 75px\" title=\"sharepic(2)\" \/><\/a><\/div><div class=\"upl-post-date\">Mai 30, 2023<\/div><div class=\"upl-post-title\"><a href=\"https:\/\/gruene-fraktion.la\/?p=10425\">Erste Anlaufstelle f\u00fcr Pflegende mit gro\u00dfem Zulauf<\/a><\/div><\/li>\n<li><div class=\"upl-post-thumbnail\"><a class=\"fancybox\" rel=\"gallery7976\" href=\"https:\/\/gruene-fraktion.la\/?p=10403\"><img loading=\"lazy\" decoding=\"async\" width=\"75\" height=\"75\" src=\"https:\/\/gruene-fraktion.la\/wp-content\/uploads\/2023\/04\/iris-haas-in-den-vorstand-des--150x150.png\" class=\"attachment-75x75 size-75x75 wp-post-image\" alt=\"\" srcset=\"https:\/\/gruene-fraktion.la\/wp-content\/uploads\/2023\/04\/iris-haas-in-den-vorstand-des--150x150.png 150w, https:\/\/gruene-fraktion.la\/wp-content\/uploads\/2023\/04\/iris-haas-in-den-vorstand-des--400x400.png 400w\" sizes=\"(max-width: 75px) 100vw, 75px\" title=\"iris-haas-in-den-vorstand-des-\" \/><\/a><\/div><div class=\"upl-post-date\">April 26, 2023<\/div><div class=\"upl-post-title\"><a href=\"https:\/\/gruene-fraktion.la\/?p=10403\">Iris Haas in den Vorstand des Freundeskreises Hochschule Landshut gew\u00e4hlt<\/a><\/div><\/li>\n<li><div class=\"upl-post-thumbnail\"><a class=\"fancybox\" rel=\"gallery7976\" href=\"https:\/\/gruene-fraktion.la\/?p=10251\"><img loading=\"lazy\" decoding=\"async\" width=\"75\" height=\"75\" src=\"https:\/\/gruene-fraktion.la\/wp-content\/uploads\/2023\/01\/kunst-im-oeffentlichen-raum-er-150x150.png\" class=\"attachment-75x75 size-75x75 wp-post-image\" alt=\"\" srcset=\"https:\/\/gruene-fraktion.la\/wp-content\/uploads\/2023\/01\/kunst-im-oeffentlichen-raum-er-150x150.png 150w, https:\/\/gruene-fraktion.la\/wp-content\/uploads\/2023\/01\/kunst-im-oeffentlichen-raum-er-400x400.png 400w\" sizes=\"(max-width: 75px) 100vw, 75px\" title=\"kunst-im-oeffentlichen-raum-er\" \/><\/a><\/div><div class=\"upl-post-date\">Januar 19, 2023<\/div><div class=\"upl-post-title\"><a href=\"https:\/\/gruene-fraktion.la\/?p=10251\">Kunst im \u00f6ffentlichen Raum erlebbar machen<\/a><\/div><\/li>\n<li><div class=\"upl-post-thumbnail\"><a class=\"fancybox\" rel=\"gallery7976\" href=\"https:\/\/gruene-fraktion.la\/?p=10199\"><img loading=\"lazy\" decoding=\"async\" width=\"75\" height=\"75\" src=\"https:\/\/gruene-fraktion.la\/wp-content\/uploads\/2022\/12\/mittagsbetreuung-an-schulen-150x150.png\" class=\"attachment-75x75 size-75x75 wp-post-image\" alt=\"\" srcset=\"https:\/\/gruene-fraktion.la\/wp-content\/uploads\/2022\/12\/mittagsbetreuung-an-schulen-150x150.png 150w, https:\/\/gruene-fraktion.la\/wp-content\/uploads\/2022\/12\/mittagsbetreuung-an-schulen-400x400.png 400w\" sizes=\"(max-width: 75px) 100vw, 75px\" title=\"mittagsbetreuung-an-schulen\" \/><\/a><\/div><div class=\"upl-post-date\">Dezember 15, 2022<\/div><div class=\"upl-post-title\"><a href=\"https:\/\/gruene-fraktion.la\/?p=10199\">Gro\u00dfer Handlungsbedarf bei den Mittagsbetreuungen an Grundschulen<\/a><\/div><\/li>\n<li><div class=\"upl-post-thumbnail\"><a class=\"fancybox\" rel=\"gallery7976\" href=\"https:\/\/gruene-fraktion.la\/?p=10191\"><img loading=\"lazy\" decoding=\"async\" width=\"75\" height=\"75\" src=\"https:\/\/gruene-fraktion.la\/wp-content\/uploads\/2022\/12\/Waldkindergarten_Kopie-150x150.png\" class=\"attachment-75x75 size-75x75 wp-post-image\" alt=\"\" srcset=\"https:\/\/gruene-fraktion.la\/wp-content\/uploads\/2022\/12\/Waldkindergarten_Kopie-150x150.png 150w, https:\/\/gruene-fraktion.la\/wp-content\/uploads\/2022\/12\/Waldkindergarten_Kopie-400x400.png 400w\" sizes=\"(max-width: 75px) 100vw, 75px\" title=\"Waldkindergarten\" \/><\/a><\/div><div class=\"upl-post-date\">Dezember 5, 2022<\/div><div class=\"upl-post-title\"><a href=\"https:\/\/gruene-fraktion.la\/?p=10191\">Gr\u00fcnen-Stadtr\u00e4t*innen zu Besuch im Waldkindergarten<\/a><\/div><\/li>\n<li><div class=\"upl-post-thumbnail\"><a class=\"fancybox\" rel=\"gallery7976\" href=\"https:\/\/gruene-fraktion.la\/?p=10174\"><img loading=\"lazy\" decoding=\"async\" width=\"75\" height=\"75\" src=\"https:\/\/gruene-fraktion.la\/wp-content\/uploads\/2022\/11\/fachkraeftemangel-in-kitas-spi1-150x150.png\" class=\"attachment-75x75 size-75x75 wp-post-image\" alt=\"\" srcset=\"https:\/\/gruene-fraktion.la\/wp-content\/uploads\/2022\/11\/fachkraeftemangel-in-kitas-spi1-150x150.png 150w, https:\/\/gruene-fraktion.la\/wp-content\/uploads\/2022\/11\/fachkraeftemangel-in-kitas-spi1-400x400.png 400w\" sizes=\"(max-width: 75px) 100vw, 75px\" title=\"fachkraeftemangel-in-kitas-spi(1)\" \/><\/a><\/div><div class=\"upl-post-date\">November 16, 2022<\/div><div class=\"upl-post-title\"><a href=\"https:\/\/gruene-fraktion.la\/?p=10174\">Kita-Task Force soll Fachkr\u00e4ftemangel entgegenwirken<\/a><\/div><\/li>\n<li><div class=\"upl-post-thumbnail\"><a class=\"fancybox\" rel=\"gallery7976\" href=\"https:\/\/gruene-fraktion.la\/?p=10133\"><img loading=\"lazy\" decoding=\"async\" width=\"75\" height=\"75\" src=\"https:\/\/gruene-fraktion.la\/wp-content\/uploads\/2022\/11\/2022-10-28_Gedankenaustausch_Gruene4-150x150.jpg\" class=\"attachment-75x75 size-75x75 wp-post-image\" alt=\"\" srcset=\"https:\/\/gruene-fraktion.la\/wp-content\/uploads\/2022\/11\/2022-10-28_Gedankenaustausch_Gruene4-150x150.jpg 150w, https:\/\/gruene-fraktion.la\/wp-content\/uploads\/2022\/11\/2022-10-28_Gedankenaustausch_Gruene4-400x400.jpg 400w\" sizes=\"(max-width: 75px) 100vw, 75px\" title=\"2022-10-28_Gedankenaustausch_Gr\u00fcne4\" \/><\/a><\/div><div class=\"upl-post-date\">November 7, 2022<\/div><div class=\"upl-post-title\"><a href=\"https:\/\/gruene-fraktion.la\/?p=10133\">Schlummernde Potenziale wecken<\/a><\/div><\/li>\n<li><div class=\"upl-post-thumbnail\"><a class=\"fancybox\" rel=\"gallery7976\" href=\"https:\/\/gruene-fraktion.la\/?p=9988\"><img loading=\"lazy\" decoding=\"async\" width=\"75\" height=\"75\" src=\"https:\/\/gruene-fraktion.la\/wp-content\/uploads\/2022\/08\/IMG_3976-5-150x150.jpg\" class=\"attachment-75x75 size-75x75 wp-post-image\" alt=\"\" srcset=\"https:\/\/gruene-fraktion.la\/wp-content\/uploads\/2022\/08\/IMG_3976-5-150x150.jpg 150w, https:\/\/gruene-fraktion.la\/wp-content\/uploads\/2022\/08\/IMG_3976-5-400x400.jpg 400w\" sizes=\"(max-width: 75px) 100vw, 75px\" title=\"IMG_3976 (5)\" \/><\/a><\/div><div class=\"upl-post-date\">August 4, 2022<\/div><div class=\"upl-post-title\"><a href=\"https:\/\/gruene-fraktion.la\/?p=9988\">Einsamkeit im Alter ist ein gro\u00dfes Problem &#8211;<\/a><\/div><\/li>\n<li><div class=\"upl-post-thumbnail\"><a class=\"fancybox\" rel=\"gallery7976\" href=\"https:\/\/gruene-fraktion.la\/?p=9876\"><img loading=\"lazy\" decoding=\"async\" width=\"75\" height=\"75\" src=\"https:\/\/gruene-fraktion.la\/wp-content\/uploads\/2022\/06\/Neubau-Realschule-150x150.jpg\" class=\"attachment-75x75 size-75x75 wp-post-image\" alt=\"\" srcset=\"https:\/\/gruene-fraktion.la\/wp-content\/uploads\/2022\/06\/Neubau-Realschule-150x150.jpg 150w, https:\/\/gruene-fraktion.la\/wp-content\/uploads\/2022\/06\/Neubau-Realschule-400x400.jpg 400w\" sizes=\"(max-width: 75px) 100vw, 75px\" title=\"Neubau Feuerwehrger\u00e4tehaus Materialvorlagen\/ Bemusterungen\" \/><\/a><\/div><div class=\"upl-post-date\">Juni 17, 2022<\/div><div class=\"upl-post-title\"><a href=\"https:\/\/gruene-fraktion.la\/?p=9876\">Staatliche Realschule nach Mirjam Pressler benennen<\/a><\/div><\/li>\n<li><div class=\"upl-post-thumbnail\"><a class=\"fancybox\" rel=\"gallery7976\" href=\"https:\/\/gruene-fraktion.la\/?p=9820\"><img loading=\"lazy\" decoding=\"async\" width=\"75\" height=\"75\" src=\"https:\/\/gruene-fraktion.la\/wp-content\/uploads\/2022\/05\/digitalisierungsoffensive-fuer-150x150.png\" class=\"attachment-75x75 size-75x75 wp-post-image\" alt=\"\" srcset=\"https:\/\/gruene-fraktion.la\/wp-content\/uploads\/2022\/05\/digitalisierungsoffensive-fuer-150x150.png 150w, https:\/\/gruene-fraktion.la\/wp-content\/uploads\/2022\/05\/digitalisierungsoffensive-fuer-400x400.png 400w\" sizes=\"(max-width: 75px) 100vw, 75px\" title=\"digitalisierungsoffensive-fuer\" \/><\/a><\/div><div class=\"upl-post-date\">Mai 30, 2022<\/div><div class=\"upl-post-title\"><a href=\"https:\/\/gruene-fraktion.la\/?p=9820\">Gemeinsam digitale Bildung voranbringen<\/a><\/div><\/li>\n<li><div class=\"upl-post-thumbnail\"><a class=\"fancybox\" rel=\"gallery7976\" href=\"https:\/\/gruene-fraktion.la\/?p=9221\"><img loading=\"lazy\" decoding=\"async\" width=\"75\" height=\"75\" src=\"https:\/\/gruene-fraktion.la\/wp-content\/uploads\/2022\/04\/stadttheater-150x150.png\" class=\"attachment-75x75 size-75x75 wp-post-image\" alt=\"\" srcset=\"https:\/\/gruene-fraktion.la\/wp-content\/uploads\/2022\/04\/stadttheater-150x150.png 150w, https:\/\/gruene-fraktion.la\/wp-content\/uploads\/2022\/04\/stadttheater-400x400.png 400w\" sizes=\"(max-width: 75px) 100vw, 75px\" title=\"stadttheater\" \/><\/a><\/div><div class=\"upl-post-date\">April 6, 2022<\/div><div class=\"upl-post-title\"><a href=\"https:\/\/gruene-fraktion.la\/?p=9221\">Stadttheater Landshut: Das Schlimmste verhindert, aber nicht das Beste erreicht<\/a><\/div><\/li>\n<li><div class=\"upl-post-thumbnail\"><a class=\"fancybox\" rel=\"gallery7976\" href=\"https:\/\/gruene-fraktion.la\/?p=8187\"><img loading=\"lazy\" decoding=\"async\" width=\"75\" height=\"75\" src=\"https:\/\/gruene-fraktion.la\/wp-content\/uploads\/2022\/02\/Berberhilfe_1-150x150.png\" class=\"attachment-75x75 size-75x75 wp-post-image\" alt=\"\" srcset=\"https:\/\/gruene-fraktion.la\/wp-content\/uploads\/2022\/02\/Berberhilfe_1-150x150.png 150w, https:\/\/gruene-fraktion.la\/wp-content\/uploads\/2022\/02\/Berberhilfe_1-400x400.png 400w\" sizes=\"(max-width: 75px) 100vw, 75px\" title=\"Regine Key\u00dfner, Tobias Weger-Behl und Pascal Pohl mit der 1. Vorsitzenden\" \/><\/a><\/div><div class=\"upl-post-date\">Februar 22, 2022<\/div><div class=\"upl-post-title\"><a href=\"https:\/\/gruene-fraktion.la\/?p=8187\">&#8222;Die Berberhilfe hilft dort, wo viele wegschauen&#8220;.  Gr\u00fcne besuchen Vereinszentrale der Berberhilfe e.V.<\/a><\/div><\/li>\n<li><div class=\"upl-post-date\">Februar 17, 2022<\/div><div class=\"upl-post-title\"><a href=\"https:\/\/gruene-fraktion.la\/?p=8163\">HH-Antrag Weiterbau des LANDSHUTmuseums<\/a><\/div><\/li>\n<li><div class=\"upl-post-thumbnail\"><a class=\"fancybox\" rel=\"gallery7976\" href=\"https:\/\/gruene-fraktion.la\/?p=8108\"><img loading=\"lazy\" decoding=\"async\" width=\"75\" height=\"75\" src=\"https:\/\/gruene-fraktion.la\/wp-content\/uploads\/2022\/02\/9293344A2067464C85BE6B3C8E4B6FB1-150x150.png\" class=\"attachment-75x75 size-75x75 wp-post-image\" alt=\"\" title=\"9293344A2067464C85BE6B3C8E4B6FB1\" \/><\/a><\/div><div class=\"upl-post-date\">Februar 14, 2022<\/div><div class=\"upl-post-title\"><a href=\"https:\/\/gruene-fraktion.la\/?p=8108\">Das Ende einer gro\u00dfen Peinlichkeit: Verbesserte Umkleidem\u00f6glichkeiten f\u00fcr Eiskunstl\u00e4ufer*innen beim EVL<\/a><\/div><\/li>\n<li><div class=\"upl-post-thumbnail\"><a class=\"fancybox\" rel=\"gallery7976\" href=\"https:\/\/gruene-fraktion.la\/?p=8026\"><img loading=\"lazy\" decoding=\"async\" width=\"75\" height=\"75\" src=\"https:\/\/gruene-fraktion.la\/wp-content\/uploads\/2022\/02\/EDC3079299494A55B5706FAC039ACE6E-150x150.png\" class=\"attachment-75x75 size-75x75 wp-post-image\" alt=\"\" srcset=\"https:\/\/gruene-fraktion.la\/wp-content\/uploads\/2022\/02\/EDC3079299494A55B5706FAC039ACE6E-150x150.png 150w, https:\/\/gruene-fraktion.la\/wp-content\/uploads\/2022\/02\/EDC3079299494A55B5706FAC039ACE6E-400x400.png 400w, https:\/\/gruene-fraktion.la\/wp-content\/uploads\/2022\/02\/EDC3079299494A55B5706FAC039ACE6E-768x769.png 768w, https:\/\/gruene-fraktion.la\/wp-content\/uploads\/2022\/02\/EDC3079299494A55B5706FAC039ACE6E.png 770w\" sizes=\"(max-width: 75px) 100vw, 75px\" title=\"EDC3079299494A55B5706FAC039ACE6E\" \/><\/a><\/div><div class=\"upl-post-date\">Februar 3, 2022<\/div><div class=\"upl-post-title\"><a href=\"https:\/\/gruene-fraktion.la\/?p=8026\">Ja zum Theaterneubau<\/a><\/div><\/li>\n<li><div class=\"upl-post-date\">November 19, 2021<\/div><div class=\"upl-post-title\"><a href=\"https:\/\/gruene-fraktion.la\/?p=7976\">Antrag &#038; PM Umkleiden Eiskunstlauf<\/a><\/div><\/li>\n<\/ul>\n<\/div>\n<\/div>\n\t\t\t\t\t\t<\/div>\n\t\t\t\t<\/div>\n\t\t\t\t\t<\/div>\n\t\t<\/div>\n\t\t\t\t\t<\/div>\n\t\t<\/section>\n\t\t\t\t<\/div>\n\t\t","protected":false},"excerpt":{"rendered":"<p>Kultur und Freizeit Lorem ipsum dolor sit amet, consectetur adipisicing elit. Quidem, provident. Umwelt und Natur Lorem ipsum dolor sit amet, consectetur adipisicing elit. Quidem, provident. Jugend und Soziales Lorem&#8230; <\/p>\n","protected":false},"author":1,"featured_media":0,"parent":16,"menu_order":1,"comment_status":"closed","ping_status":"closed","template":"","meta":{"_eb_attr":"","footnotes":""},"class_list":["post-7325","page","type-page","status-publish","hentry"],"_links":{"self":[{"href":"https:\/\/gruene-fraktion.la\/index.php?rest_route=\/wp\/v2\/pages\/7325","targetHints":{"allow":["GET"]}}],"collection":[{"href":"https:\/\/gruene-fraktion.la\/index.php?rest_route=\/wp\/v2\/pages"}],"about":[{"href":"https:\/\/gruene-fraktion.la\/index.php?rest_route=\/wp\/v2\/types\/page"}],"author":[{"embeddable":true,"href":"https:\/\/gruene-fraktion.la\/index.php?rest_route=\/wp\/v2\/users\/1"}],"replies":[{"embeddable":true,"href":"https:\/\/gruene-fraktion.la\/index.php?rest_route=%2Fwp%2Fv2%2Fcomments&post=7325"}],"version-history":[{"count":5,"href":"https:\/\/gruene-fraktion.la\/index.php?rest_route=\/wp\/v2\/pages\/7325\/revisions"}],"predecessor-version":[{"id":7343,"href":"https:\/\/gruene-fraktion.la\/index.php?rest_route=\/wp\/v2\/pages\/7325\/revisions\/7343"}],"up":[{"embeddable":true,"href":"https:\/\/gruene-fraktion.la\/index.php?rest_route=\/wp\/v2\/pages\/16"}],"wp:attachment":[{"href":"https:\/\/gruene-fraktion.la\/index.php?rest_route=%2Fwp%2Fv2%2Fmedia&parent=7325"}],"curies":[{"name":"wp","href":"https:\/\/api.w.org\/{rel}","templated":true}]}}