{"id":7333,"date":"2020-02-18T14:05:14","date_gmt":"2020-02-18T14:05:14","guid":{"rendered":"https:\/\/xn--grne-fraktion-landshut-tlc.de\/?page_id=7333"},"modified":"2020-02-18T14:12:09","modified_gmt":"2020-02-18T14:12:09","slug":"umwelt-und-natur","status":"publish","type":"page","link":"https:\/\/gruene-fraktion.la\/?page_id=7333","title":{"rendered":"Umwelt und Natur"},"content":{"rendered":"\t\t<div data-elementor-type=\"wp-page\" data-elementor-id=\"7333\" class=\"elementor elementor-7333\">\n\t\t\t\t\t\t<section class=\"elementor-section elementor-top-section elementor-element elementor-element-513d280 elementor-section-boxed elementor-section-height-default elementor-section-height-default\" data-id=\"513d280\" data-element_type=\"section\" data-e-type=\"section\">\n\t\t\t\t\t\t<div class=\"elementor-container elementor-column-gap-default\">\n\t\t\t\t\t<div class=\"elementor-column elementor-col-100 elementor-top-column elementor-element elementor-element-964b904\" data-id=\"964b904\" data-element_type=\"column\" data-e-type=\"column\">\n\t\t\t<div class=\"elementor-widget-wrap elementor-element-populated\">\n\t\t\t\t\t\t<div class=\"elementor-element elementor-element-45224fe elementor-widget elementor-widget-image\" data-id=\"45224fe\" data-element_type=\"widget\" data-e-type=\"widget\" data-widget_type=\"image.default\">\n\t\t\t\t<div class=\"elementor-widget-container\">\n\t\t\t\t\t\t\t\t\t\t\t\t\t\t\t<img fetchpriority=\"high\" decoding=\"async\" width=\"783\" height=\"522\" src=\"https:\/\/gruene-fraktion.la\/wp-content\/uploads\/2020\/02\/Isar-393-800x533.jpg\" class=\"attachment-large size-large wp-image-39\" alt=\"\" srcset=\"https:\/\/gruene-fraktion.la\/wp-content\/uploads\/2020\/02\/Isar-393-800x533.jpg 800w, https:\/\/gruene-fraktion.la\/wp-content\/uploads\/2020\/02\/Isar-393-400x267.jpg 400w, https:\/\/gruene-fraktion.la\/wp-content\/uploads\/2020\/02\/Isar-393-768x512.jpg 768w, https:\/\/gruene-fraktion.la\/wp-content\/uploads\/2020\/02\/Isar-393-1536x1024.jpg 1536w, https:\/\/gruene-fraktion.la\/wp-content\/uploads\/2020\/02\/Isar-393-2048x1365.jpg 2048w, https:\/\/gruene-fraktion.la\/wp-content\/uploads\/2020\/02\/Isar-393-150x100.jpg 150w\" sizes=\"(max-width: 783px) 100vw, 783px\" title=\"Isar-393\" \/>\t\t\t\t\t\t\t\t\t\t\t\t\t\t\t<\/div>\n\t\t\t\t<\/div>\n\t\t\t\t\t<\/div>\n\t\t<\/div>\n\t\t\t\t\t<\/div>\n\t\t<\/section>\n\t\t\t\t<section class=\"elementor-section elementor-top-section elementor-element elementor-element-1c98892 elementor-section-boxed elementor-section-height-default elementor-section-height-default\" data-id=\"1c98892\" data-element_type=\"section\" data-e-type=\"section\">\n\t\t\t\t\t\t<div class=\"elementor-container elementor-column-gap-default\">\n\t\t\t\t\t<div class=\"elementor-column elementor-col-100 elementor-top-column elementor-element elementor-element-285d4d4\" data-id=\"285d4d4\" data-element_type=\"column\" data-e-type=\"column\">\n\t\t\t<div class=\"elementor-widget-wrap elementor-element-populated\">\n\t\t\t\t\t\t<div class=\"elementor-element elementor-element-a51a6d1 elementor-widget elementor-widget-text-editor\" data-id=\"a51a6d1\" data-element_type=\"widget\" data-e-type=\"widget\" data-widget_type=\"text-editor.default\">\n\t\t\t\t<div class=\"elementor-widget-container\">\n\t\t\t\t\t\t\t\t\t<p><span style=\"color: #000000;\">Wir GR\u00dcNE setzen uns f\u00fcr unsere Umwelt, die Erhaltung der Artenvielfalt und die Bewahrung der nat\u00fcrlichen Sch\u00f6nheit unserer Landschaft ein. Daf\u00fcr m\u00fcssen wir den Fl\u00e4chenverbrauch deutlich verringern, Landschaftsschutzgebiete ausweisen und den Schutz unserer Gew\u00e4sser vorantrieben. Um die Artenvielfalt in unseren Naturr\u00e4umen zu erhalten wollen wir die Auw\u00e4lder an der Isar als Lebensraum f\u00fcr Insekten erhalten und Landshut zur pestizidfreien Kommune machen. Mit einem nachhaltigen Fl\u00e4chenmanagement sorgen wird daf\u00fcr, dass Gr\u00fcnfl\u00e4chen erhalten und bereits versiegelte Fl\u00e4chen effizienter genutzt werden.<\/span><\/p><p><span style=\"color: #000000;\">Mit einer kommunalen Strategie zur Plastikvermeidung wollen <\/span><span style=\"color: #000000;\">wir die Recyclingquote erh\u00f6hen und den anfallenden M\u00fcll eind\u00e4mmen. <\/span><span style=\"color: #000000;\">Die Stadt Landshut kann hier selbst mit gutem Beispiel vorangehen und verpackungsarm einkaufen sowie auf eine nachhaltige <\/span><span style=\"color: #000000;\">Auftragsvergabe achten. Bei der Versorgung von Kinderg\u00e4rten, Schulen und \u00f6ffentlichen Einrichtungen setzen wir auf regionale Bio-Lebensmittel.<\/span><\/p>\t\t\t\t\t\t\t\t<\/div>\n\t\t\t\t<\/div>\n\t\t\t\t\t<\/div>\n\t\t<\/div>\n\t\t\t\t\t<\/div>\n\t\t<\/section>\n\t\t\t\t<section class=\"elementor-section elementor-top-section elementor-element elementor-element-216a870 elementor-section-boxed elementor-section-height-default elementor-section-height-default\" data-id=\"216a870\" data-element_type=\"section\" data-e-type=\"section\">\n\t\t\t\t\t\t<div class=\"elementor-container elementor-column-gap-default\">\n\t\t\t\t\t<div class=\"elementor-column elementor-col-100 elementor-top-column elementor-element elementor-element-bd7a354\" data-id=\"bd7a354\" data-element_type=\"column\" data-e-type=\"column\">\n\t\t\t<div class=\"elementor-widget-wrap elementor-element-populated\">\n\t\t\t\t\t\t<div class=\"elementor-element elementor-element-f152663 elementor-widget elementor-widget-heading\" data-id=\"f152663\" data-element_type=\"widget\" data-e-type=\"widget\" data-widget_type=\"heading.default\">\n\t\t\t\t<div class=\"elementor-widget-container\">\n\t\t\t\t\t<h2 class=\"elementor-heading-title elementor-size-default\">Themenbezogene Beitr\u00e4ge:<\/h2>\t\t\t\t<\/div>\n\t\t\t\t<\/div>\n\t\t\t\t<div class=\"elementor-element elementor-element-215fe3a elementor-widget elementor-widget-shortcode\" data-id=\"215fe3a\" data-element_type=\"widget\" data-e-type=\"widget\" data-widget_type=\"shortcode.default\">\n\t\t\t\t<div class=\"elementor-widget-container\">\n\t\t\t\t\t\t\t<div class=\"elementor-shortcode\"><div id=\"upl-list-7335\" class=\"upl-list\">\n<ul>\n<li><div class=\"upl-post-thumbnail\"><a class=\"fancybox\" rel=\"gallery8203\" href=\"https:\/\/gruene-fraktion.la\/?p=10542\"><img decoding=\"async\" width=\"75\" height=\"75\" src=\"https:\/\/gruene-fraktion.la\/wp-content\/uploads\/2025\/07\/Gasthaus_Muehleninsel.jpg-scaled-e1753176006311-150x150.jpg\" class=\"attachment-75x75 size-75x75 wp-post-image\" alt=\"\" srcset=\"https:\/\/gruene-fraktion.la\/wp-content\/uploads\/2025\/07\/Gasthaus_Muehleninsel.jpg-scaled-e1753176006311-150x150.jpg 150w, https:\/\/gruene-fraktion.la\/wp-content\/uploads\/2025\/07\/Gasthaus_Muehleninsel.jpg-scaled-e1753176006311-400x400.jpg 400w\" sizes=\"(max-width: 75px) 100vw, 75px\" title=\"Gasthaus Muehleninsel\" \/><\/a><\/div><div class=\"upl-post-date\">Juli 22, 2025<\/div><div class=\"upl-post-title\"><a href=\"https:\/\/gruene-fraktion.la\/?p=10542\">Gasthaus zur Insel &#8211; wie geht es weiter? B\u00fcrgertermin vor Ort am Montag 28.07.25 um 17.30 Uhr<\/a><\/div><\/li>\n<li><div class=\"upl-post-thumbnail\"><a class=\"fancybox\" rel=\"gallery8203\" href=\"https:\/\/gruene-fraktion.la\/?p=10471\"><img decoding=\"async\" width=\"75\" height=\"75\" src=\"https:\/\/gruene-fraktion.la\/wp-content\/uploads\/2023\/12\/20190722_200422-150x150.jpg\" class=\"attachment-75x75 size-75x75 wp-post-image\" alt=\"\" srcset=\"https:\/\/gruene-fraktion.la\/wp-content\/uploads\/2023\/12\/20190722_200422-150x150.jpg 150w, https:\/\/gruene-fraktion.la\/wp-content\/uploads\/2023\/12\/20190722_200422-400x400.jpg 400w\" sizes=\"(max-width: 75px) 100vw, 75px\" title=\"20190722_200422\" \/><\/a><\/div><div class=\"upl-post-date\">Dezember 13, 2023<\/div><div class=\"upl-post-title\"><a href=\"https:\/\/gruene-fraktion.la\/?p=10471\">Erfrischung am Wasser<\/a><\/div><\/li>\n<li><div class=\"upl-post-thumbnail\"><a class=\"fancybox\" rel=\"gallery8203\" href=\"https:\/\/gruene-fraktion.la\/?p=10258\"><img loading=\"lazy\" decoding=\"async\" width=\"75\" height=\"75\" src=\"https:\/\/gruene-fraktion.la\/wp-content\/uploads\/2023\/01\/IMG_20210919_134308-hell-150x150.jpg\" class=\"attachment-75x75 size-75x75 wp-post-image\" alt=\"\" srcset=\"https:\/\/gruene-fraktion.la\/wp-content\/uploads\/2023\/01\/IMG_20210919_134308-hell-150x150.jpg 150w, https:\/\/gruene-fraktion.la\/wp-content\/uploads\/2023\/01\/IMG_20210919_134308-hell-400x400.jpg 400w\" sizes=\"(max-width: 75px) 100vw, 75px\" title=\"IMG_20210919_134308-hell\" \/><\/a><\/div><div class=\"upl-post-date\">Januar 26, 2023<\/div><div class=\"upl-post-title\"><a href=\"https:\/\/gruene-fraktion.la\/?p=10258\">Ochsenau: Diese \u00f6kologisch wertvolle Fl\u00e4che gilt es zu sch\u00fctzen<\/a><\/div><\/li>\n<li><div class=\"upl-post-thumbnail\"><a class=\"fancybox\" rel=\"gallery8203\" href=\"https:\/\/gruene-fraktion.la\/?p=10234\"><img loading=\"lazy\" decoding=\"async\" width=\"75\" height=\"75\" src=\"https:\/\/gruene-fraktion.la\/wp-content\/uploads\/2023\/01\/zeigen-die-massnahmen-wirkung-150x150.png\" class=\"attachment-75x75 size-75x75 wp-post-image\" alt=\"\" srcset=\"https:\/\/gruene-fraktion.la\/wp-content\/uploads\/2023\/01\/zeigen-die-massnahmen-wirkung-150x150.png 150w, https:\/\/gruene-fraktion.la\/wp-content\/uploads\/2023\/01\/zeigen-die-massnahmen-wirkung-400x400.png 400w\" sizes=\"(max-width: 75px) 100vw, 75px\" title=\"zeigen-die-massnahmen-wirkung\" \/><\/a><\/div><div class=\"upl-post-date\">Januar 13, 2023<\/div><div class=\"upl-post-title\"><a href=\"https:\/\/gruene-fraktion.la\/?p=10234\">Zeigen die Ma\u00dfnahmen zur Energieeinsparung Wirkung?<\/a><\/div><\/li>\n<li><div class=\"upl-post-thumbnail\"><a class=\"fancybox\" rel=\"gallery8203\" href=\"https:\/\/gruene-fraktion.la\/?p=10183\"><img loading=\"lazy\" decoding=\"async\" width=\"75\" height=\"75\" src=\"https:\/\/gruene-fraktion.la\/wp-content\/uploads\/2022\/11\/oeko-modellregion1-150x150.png\" class=\"attachment-75x75 size-75x75 wp-post-image\" alt=\"\" srcset=\"https:\/\/gruene-fraktion.la\/wp-content\/uploads\/2022\/11\/oeko-modellregion1-150x150.png 150w, https:\/\/gruene-fraktion.la\/wp-content\/uploads\/2022\/11\/oeko-modellregion1-400x400.png 400w\" sizes=\"(max-width: 75px) 100vw, 75px\" title=\"oeko-modellregion(1)\" \/><\/a><\/div><div class=\"upl-post-date\">November 18, 2022<\/div><div class=\"upl-post-title\"><a href=\"https:\/\/gruene-fraktion.la\/?p=10183\">Landshut auf dem Weg zur \u00d6ko-Modellregion<\/a><\/div><\/li>\n<li><div class=\"upl-post-thumbnail\"><a class=\"fancybox\" rel=\"gallery8203\" href=\"https:\/\/gruene-fraktion.la\/?p=10154\"><img loading=\"lazy\" decoding=\"async\" width=\"75\" height=\"75\" src=\"https:\/\/gruene-fraktion.la\/wp-content\/uploads\/2022\/11\/ausbau-erneuerbarer-energien-s-150x150.png\" class=\"attachment-75x75 size-75x75 wp-post-image\" alt=\"\" srcset=\"https:\/\/gruene-fraktion.la\/wp-content\/uploads\/2022\/11\/ausbau-erneuerbarer-energien-s-150x150.png 150w, https:\/\/gruene-fraktion.la\/wp-content\/uploads\/2022\/11\/ausbau-erneuerbarer-energien-s-400x400.png 400w\" sizes=\"(max-width: 75px) 100vw, 75px\" title=\"ausbau-erneuerbarer-energien-s\" \/><\/a><\/div><div class=\"upl-post-date\">November 11, 2022<\/div><div class=\"upl-post-title\"><a href=\"https:\/\/gruene-fraktion.la\/?p=10154\">Fernw\u00e4rme als Herzst\u00fcck der k\u00fcnftigen W\u00e4rmeversorgung in Landshut<\/a><\/div><\/li>\n<li><div class=\"upl-post-thumbnail\"><a class=\"fancybox\" rel=\"gallery8203\" href=\"https:\/\/gruene-fraktion.la\/?p=10119\"><img loading=\"lazy\" decoding=\"async\" width=\"75\" height=\"75\" src=\"https:\/\/gruene-fraktion.la\/wp-content\/uploads\/2022\/10\/waldbegehung-im-stiftungsforst-150x150.png\" class=\"attachment-75x75 size-75x75 wp-post-image\" alt=\"\" srcset=\"https:\/\/gruene-fraktion.la\/wp-content\/uploads\/2022\/10\/waldbegehung-im-stiftungsforst-150x150.png 150w, https:\/\/gruene-fraktion.la\/wp-content\/uploads\/2022\/10\/waldbegehung-im-stiftungsforst-400x400.png 400w\" sizes=\"(max-width: 75px) 100vw, 75px\" title=\"waldbegehung-im-stiftungsforst\" \/><\/a><\/div><div class=\"upl-post-date\">Oktober 7, 2022<\/div><div class=\"upl-post-title\"><a href=\"https:\/\/gruene-fraktion.la\/?p=10119\">Klimaerw\u00e4rmung gef\u00e4hrdet den Wald<\/a><\/div><\/li>\n<li><div class=\"upl-post-thumbnail\"><a class=\"fancybox\" rel=\"gallery8203\" href=\"https:\/\/gruene-fraktion.la\/?p=10082\"><img loading=\"lazy\" decoding=\"async\" width=\"75\" height=\"75\" src=\"https:\/\/gruene-fraktion.la\/wp-content\/uploads\/2020\/05\/5_Ruemmelein_Flyer-150x150.jpg\" class=\"attachment-75x75 size-75x75 wp-post-image\" alt=\"\" title=\"Elke R\u00fcmmelein\" \/><\/a><\/div><div class=\"upl-post-date\">September 21, 2022<\/div><div class=\"upl-post-title\"><a href=\"https:\/\/gruene-fraktion.la\/?p=10082\">Gr\u00fcne kritisieren halbherzige Energiesparma\u00dfnahmen<\/a><\/div><\/li>\n<li><div class=\"upl-post-thumbnail\"><a class=\"fancybox\" rel=\"gallery8203\" href=\"https:\/\/gruene-fraktion.la\/?p=9849\"><img loading=\"lazy\" decoding=\"async\" width=\"75\" height=\"75\" src=\"https:\/\/gruene-fraktion.la\/wp-content\/uploads\/2022\/06\/LSG_Rosental-150x150.png\" class=\"attachment-75x75 size-75x75 wp-post-image\" alt=\"\" srcset=\"https:\/\/gruene-fraktion.la\/wp-content\/uploads\/2022\/06\/LSG_Rosental-150x150.png 150w, https:\/\/gruene-fraktion.la\/wp-content\/uploads\/2022\/06\/LSG_Rosental-400x400.png 400w\" sizes=\"(max-width: 75px) 100vw, 75px\" title=\"LSG_Rosental\" \/><\/a><\/div><div class=\"upl-post-date\">Juni 17, 2022<\/div><div class=\"upl-post-title\"><a href=\"https:\/\/gruene-fraktion.la\/?p=9849\">Klimabebauungsplan darf Ausweisung zum Landschaftsschutzgebiet nicht gef\u00e4hrden<\/a><\/div><\/li>\n<li><div class=\"upl-post-thumbnail\"><a class=\"fancybox\" rel=\"gallery8203\" href=\"https:\/\/gruene-fraktion.la\/?p=9786\"><img loading=\"lazy\" decoding=\"async\" width=\"75\" height=\"75\" src=\"https:\/\/gruene-fraktion.la\/wp-content\/uploads\/2022\/05\/denkmal-und-klimaschutz-zusamm-150x150.png\" class=\"attachment-75x75 size-75x75 wp-post-image\" alt=\"\" srcset=\"https:\/\/gruene-fraktion.la\/wp-content\/uploads\/2022\/05\/denkmal-und-klimaschutz-zusamm-150x150.png 150w, https:\/\/gruene-fraktion.la\/wp-content\/uploads\/2022\/05\/denkmal-und-klimaschutz-zusamm-400x400.png 400w\" sizes=\"(max-width: 75px) 100vw, 75px\" title=\"denkmal-und-klimaschutz-zusamm\" \/><\/a><\/div><div class=\"upl-post-date\">Mai 13, 2022<\/div><div class=\"upl-post-title\"><a href=\"https:\/\/gruene-fraktion.la\/?p=9786\">Denkmalschutz und Energiewende in Einklang bringen<\/a><\/div><\/li>\n<li><div class=\"upl-post-thumbnail\"><a class=\"fancybox\" rel=\"gallery8203\" href=\"https:\/\/gruene-fraktion.la\/?p=9777\"><img loading=\"lazy\" decoding=\"async\" width=\"75\" height=\"75\" src=\"https:\/\/gruene-fraktion.la\/wp-content\/uploads\/2022\/05\/Foto_Flutmulde1-150x150.png\" class=\"attachment-75x75 size-75x75 wp-post-image\" alt=\"\" srcset=\"https:\/\/gruene-fraktion.la\/wp-content\/uploads\/2022\/05\/Foto_Flutmulde1-150x150.png 150w, https:\/\/gruene-fraktion.la\/wp-content\/uploads\/2022\/05\/Foto_Flutmulde1-400x400.png 400w\" sizes=\"(max-width: 75px) 100vw, 75px\" title=\"Foto_Flutmulde1\" \/><\/a><\/div><div class=\"upl-post-date\">Mai 13, 2022<\/div><div class=\"upl-post-title\"><a href=\"https:\/\/gruene-fraktion.la\/?p=9777\">Neue Wege in der Flutmulde?<\/a><\/div><\/li>\n<li><div class=\"upl-post-thumbnail\"><a class=\"fancybox\" rel=\"gallery8203\" href=\"https:\/\/gruene-fraktion.la\/?p=9720\"><img loading=\"lazy\" decoding=\"async\" width=\"75\" height=\"75\" src=\"https:\/\/gruene-fraktion.la\/wp-content\/uploads\/2022\/05\/wir-muessen-bei-der-waermewend-1-150x150.png\" class=\"attachment-75x75 size-75x75 wp-post-image\" alt=\"\" srcset=\"https:\/\/gruene-fraktion.la\/wp-content\/uploads\/2022\/05\/wir-muessen-bei-der-waermewend-1-150x150.png 150w, https:\/\/gruene-fraktion.la\/wp-content\/uploads\/2022\/05\/wir-muessen-bei-der-waermewend-1-400x400.png 400w\" sizes=\"(max-width: 75px) 100vw, 75px\" title=\"wir-muessen-bei-der-waermewend\" \/><\/a><\/div><div class=\"upl-post-date\">Mai 8, 2022<\/div><div class=\"upl-post-title\"><a href=\"https:\/\/gruene-fraktion.la\/?p=9720\">Mit einem W\u00e4rmeplan in eine saubere Zukunft<\/a><\/div><\/li>\n<li><div class=\"upl-post-thumbnail\"><a class=\"fancybox\" rel=\"gallery8203\" href=\"https:\/\/gruene-fraktion.la\/?p=9266\"><img loading=\"lazy\" decoding=\"async\" width=\"75\" height=\"75\" src=\"https:\/\/gruene-fraktion.la\/wp-content\/uploads\/2022\/04\/buergerbeteiligung-an-photovol-150x150.png\" class=\"attachment-75x75 size-75x75 wp-post-image\" alt=\"\" srcset=\"https:\/\/gruene-fraktion.la\/wp-content\/uploads\/2022\/04\/buergerbeteiligung-an-photovol-150x150.png 150w, https:\/\/gruene-fraktion.la\/wp-content\/uploads\/2022\/04\/buergerbeteiligung-an-photovol-400x400.png 400w\" sizes=\"(max-width: 75px) 100vw, 75px\" title=\"buergerbeteiligung-an-photovol\" \/><\/a><\/div><div class=\"upl-post-date\">April 14, 2022<\/div><div class=\"upl-post-title\"><a href=\"https:\/\/gruene-fraktion.la\/?p=9266\">B\u00fcrgerbeteiligung an st\u00e4dtischen PV-Anlagen erm\u00f6glichen<\/a><\/div><\/li>\n<li><div class=\"upl-post-thumbnail\"><a class=\"fancybox\" rel=\"gallery8203\" href=\"https:\/\/gruene-fraktion.la\/?p=9228\"><img loading=\"lazy\" decoding=\"async\" width=\"75\" height=\"75\" src=\"https:\/\/gruene-fraktion.la\/wp-content\/uploads\/2022\/04\/dezentrale-regenwasser-bewirts-150x150.png\" class=\"attachment-75x75 size-75x75 wp-post-image\" alt=\"\" srcset=\"https:\/\/gruene-fraktion.la\/wp-content\/uploads\/2022\/04\/dezentrale-regenwasser-bewirts-150x150.png 150w, https:\/\/gruene-fraktion.la\/wp-content\/uploads\/2022\/04\/dezentrale-regenwasser-bewirts-400x400.png 400w\" sizes=\"(max-width: 75px) 100vw, 75px\" title=\"dezentrale-regenwasser-bewirts\" \/><\/a><\/div><div class=\"upl-post-date\">April 6, 2022<\/div><div class=\"upl-post-title\"><a href=\"https:\/\/gruene-fraktion.la\/?p=9228\">Regenwasser an die Natur zur\u00fcckgeben<\/a><\/div><\/li>\n<li><div class=\"upl-post-thumbnail\"><a class=\"fancybox\" rel=\"gallery8203\" href=\"https:\/\/gruene-fraktion.la\/?p=9219\"><img loading=\"lazy\" decoding=\"async\" width=\"75\" height=\"75\" src=\"https:\/\/gruene-fraktion.la\/wp-content\/uploads\/2022\/02\/ausbauoffensive-erneuerbare-en-150x150.png\" class=\"attachment-75x75 size-75x75 wp-post-image\" alt=\"\" srcset=\"https:\/\/gruene-fraktion.la\/wp-content\/uploads\/2022\/02\/ausbauoffensive-erneuerbare-en-150x150.png 150w, https:\/\/gruene-fraktion.la\/wp-content\/uploads\/2022\/02\/ausbauoffensive-erneuerbare-en-400x400.png 400w\" sizes=\"(max-width: 75px) 100vw, 75px\" title=\"ausbauoffensive-erneuerbare-en\" \/><\/a><\/div><div class=\"upl-post-date\">April 5, 2022<\/div><div class=\"upl-post-title\"><a href=\"https:\/\/gruene-fraktion.la\/?p=9219\">Gr\u00fcne fordern von Stadtwerken Ausbauoffensive f\u00fcr Erneuerbare Energien<\/a><\/div><\/li>\n<li><div class=\"upl-post-thumbnail\"><a class=\"fancybox\" rel=\"gallery8203\" href=\"https:\/\/gruene-fraktion.la\/?p=9196\"><img loading=\"lazy\" decoding=\"async\" width=\"75\" height=\"75\" src=\"https:\/\/gruene-fraktion.la\/wp-content\/uploads\/2022\/03\/bei-staedtischen-gebaeuden-1-150x150.png\" class=\"attachment-75x75 size-75x75 wp-post-image\" alt=\"\" srcset=\"https:\/\/gruene-fraktion.la\/wp-content\/uploads\/2022\/03\/bei-staedtischen-gebaeuden-1-150x150.png 150w, https:\/\/gruene-fraktion.la\/wp-content\/uploads\/2022\/03\/bei-staedtischen-gebaeuden-1-400x400.png 400w\" sizes=\"(max-width: 75px) 100vw, 75px\" title=\"bei-staedtischen-gebaeuden\" \/><\/a><\/div><div class=\"upl-post-date\">M\u00e4rz 30, 2022<\/div><div class=\"upl-post-title\"><a href=\"https:\/\/gruene-fraktion.la\/?p=9196\">Konsequent Energie sparen und Kosten senken<\/a><\/div><\/li>\n<li><div class=\"upl-post-thumbnail\"><a class=\"fancybox\" rel=\"gallery8203\" href=\"https:\/\/gruene-fraktion.la\/?p=9170\"><img loading=\"lazy\" decoding=\"async\" width=\"75\" height=\"75\" src=\"https:\/\/gruene-fraktion.la\/wp-content\/uploads\/2022\/03\/aenderungen-bei-der-muellabfuh_klein-150x150.png\" class=\"attachment-75x75 size-75x75 wp-post-image\" alt=\"\" srcset=\"https:\/\/gruene-fraktion.la\/wp-content\/uploads\/2022\/03\/aenderungen-bei-der-muellabfuh_klein-150x150.png 150w, https:\/\/gruene-fraktion.la\/wp-content\/uploads\/2022\/03\/aenderungen-bei-der-muellabfuh_klein-400x400.png 400w\" sizes=\"(max-width: 75px) 100vw, 75px\" title=\"aenderungen-bei-der-muellabfuh_klein\" \/><\/a><\/div><div class=\"upl-post-date\">M\u00e4rz 10, 2022<\/div><div class=\"upl-post-title\"><a href=\"https:\/\/gruene-fraktion.la\/?p=9170\">Der Service darf dabei nicht auf der Strecke bleiben<\/a><\/div><\/li>\n<li><div class=\"upl-post-thumbnail\"><a class=\"fancybox\" rel=\"gallery8203\" href=\"https:\/\/gruene-fraktion.la\/?p=9150\"><img loading=\"lazy\" decoding=\"async\" width=\"75\" height=\"75\" src=\"https:\/\/gruene-fraktion.la\/wp-content\/uploads\/2022\/03\/landshuter-bienenlehrpfad-150x150.png\" class=\"attachment-75x75 size-75x75 wp-post-image\" alt=\"\" srcset=\"https:\/\/gruene-fraktion.la\/wp-content\/uploads\/2022\/03\/landshuter-bienenlehrpfad-150x150.png 150w, https:\/\/gruene-fraktion.la\/wp-content\/uploads\/2022\/03\/landshuter-bienenlehrpfad-400x400.png 400w\" sizes=\"(max-width: 75px) 100vw, 75px\" title=\"landshuter-bienenlehrpfad\" \/><\/a><\/div><div class=\"upl-post-date\">M\u00e4rz 9, 2022<\/div><div class=\"upl-post-title\"><a href=\"https:\/\/gruene-fraktion.la\/?p=9150\">Landshut bekommt Bienenlehrpfad und eigenen Stadthonig<\/a><\/div><\/li>\n<li><div class=\"upl-post-thumbnail\"><a class=\"fancybox\" rel=\"gallery8203\" href=\"https:\/\/gruene-fraktion.la\/?p=8203\"><img loading=\"lazy\" decoding=\"async\" width=\"75\" height=\"75\" src=\"https:\/\/gruene-fraktion.la\/wp-content\/uploads\/2022\/02\/fuer-ein-sicheres-endlager-150x150.png\" class=\"attachment-75x75 size-75x75 wp-post-image\" alt=\"\" srcset=\"https:\/\/gruene-fraktion.la\/wp-content\/uploads\/2022\/02\/fuer-ein-sicheres-endlager-150x150.png 150w, https:\/\/gruene-fraktion.la\/wp-content\/uploads\/2022\/02\/fuer-ein-sicheres-endlager-400x400.png 400w\" sizes=\"(max-width: 75px) 100vw, 75px\" title=\"fuer-ein-sicheres-endlager\" \/><\/a><\/div><div class=\"upl-post-date\">Februar 24, 2022<\/div><div class=\"upl-post-title\"><a href=\"https:\/\/gruene-fraktion.la\/?p=8203\">Es kommt ausschlie\u00dflich auf den sichersten Standort an<\/a><\/div><\/li>\n<\/ul>\n<\/div>\n<\/div>\n\t\t\t\t\t\t<\/div>\n\t\t\t\t<\/div>\n\t\t\t\t\t<\/div>\n\t\t<\/div>\n\t\t\t\t\t<\/div>\n\t\t<\/section>\n\t\t\t\t<\/div>\n\t\t","protected":false},"excerpt":{"rendered":"<p>Wir GR\u00dcNE setzen uns f\u00fcr unsere Umwelt, die Erhaltung der Artenvielfalt und die Bewahrung der nat\u00fcrlichen Sch\u00f6nheit unserer Landschaft ein. Daf\u00fcr m\u00fcssen wir den Fl\u00e4chenverbrauch deutlich verringern, Landschaftsschutzgebiete ausweisen und&#8230; <\/p>\n","protected":false},"author":1,"featured_media":0,"parent":16,"menu_order":2,"comment_status":"closed","ping_status":"closed","template":"","meta":{"_eb_attr":"","footnotes":""},"class_list":["post-7333","page","type-page","status-publish","hentry"],"_links":{"self":[{"href":"https:\/\/gruene-fraktion.la\/index.php?rest_route=\/wp\/v2\/pages\/7333","targetHints":{"allow":["GET"]}}],"collection":[{"href":"https:\/\/gruene-fraktion.la\/index.php?rest_route=\/wp\/v2\/pages"}],"about":[{"href":"https:\/\/gruene-fraktion.la\/index.php?rest_route=\/wp\/v2\/types\/page"}],"author":[{"embeddable":true,"href":"https:\/\/gruene-fraktion.la\/index.php?rest_route=\/wp\/v2\/users\/1"}],"replies":[{"embeddable":true,"href":"https:\/\/gruene-fraktion.la\/index.php?rest_route=%2Fwp%2Fv2%2Fcomments&post=7333"}],"version-history":[{"count":3,"href":"https:\/\/gruene-fraktion.la\/index.php?rest_route=\/wp\/v2\/pages\/7333\/revisions"}],"predecessor-version":[{"id":7337,"href":"https:\/\/gruene-fraktion.la\/index.php?rest_route=\/wp\/v2\/pages\/7333\/revisions\/7337"}],"up":[{"embeddable":true,"href":"https:\/\/gruene-fraktion.la\/index.php?rest_route=\/wp\/v2\/pages\/16"}],"wp:attachment":[{"href":"https:\/\/gruene-fraktion.la\/index.php?rest_route=%2Fwp%2Fv2%2Fmedia&parent=7333"}],"curies":[{"name":"wp","href":"https:\/\/api.w.org\/{rel}","templated":true}]}}