{"id":7354,"date":"2020-02-18T14:29:58","date_gmt":"2020-02-18T14:29:58","guid":{"rendered":"https:\/\/xn--grne-fraktion-landshut-tlc.de\/?page_id=7354"},"modified":"2022-04-25T17:19:08","modified_gmt":"2022-04-25T17:19:08","slug":"mobilitaet","status":"publish","type":"page","link":"https:\/\/gruene-fraktion.la\/?page_id=7354","title":{"rendered":"Mobilit\u00e4t"},"content":{"rendered":"\t\t<div data-elementor-type=\"wp-page\" data-elementor-id=\"7354\" class=\"elementor elementor-7354\">\n\t\t\t\t\t\t<section class=\"elementor-section elementor-top-section elementor-element elementor-element-513d280 elementor-section-boxed elementor-section-height-default elementor-section-height-default\" data-id=\"513d280\" data-element_type=\"section\" data-e-type=\"section\">\n\t\t\t\t\t\t<div class=\"elementor-container elementor-column-gap-default\">\n\t\t\t\t\t<div class=\"elementor-column elementor-col-100 elementor-top-column elementor-element elementor-element-964b904\" data-id=\"964b904\" data-element_type=\"column\" data-e-type=\"column\">\n\t\t\t<div class=\"elementor-widget-wrap elementor-element-populated\">\n\t\t\t\t\t\t<div class=\"elementor-element elementor-element-669c2a4 elementor-widget elementor-widget-image\" data-id=\"669c2a4\" data-element_type=\"widget\" data-e-type=\"widget\" data-widget_type=\"image.default\">\n\t\t\t\t<div class=\"elementor-widget-container\">\n\t\t\t\t\t\t\t\t\t\t\t\t\t\t\t<img fetchpriority=\"high\" decoding=\"async\" width=\"783\" height=\"522\" src=\"https:\/\/gruene-fraktion.la\/wp-content\/uploads\/2020\/06\/4_Mobilitaet_1-800x533.jpg\" class=\"attachment-large size-large wp-image-7615\" alt=\"\" srcset=\"https:\/\/gruene-fraktion.la\/wp-content\/uploads\/2020\/06\/4_Mobilitaet_1-800x533.jpg 800w, https:\/\/gruene-fraktion.la\/wp-content\/uploads\/2020\/06\/4_Mobilitaet_1-400x267.jpg 400w, https:\/\/gruene-fraktion.la\/wp-content\/uploads\/2020\/06\/4_Mobilitaet_1-768x512.jpg 768w, https:\/\/gruene-fraktion.la\/wp-content\/uploads\/2020\/06\/4_Mobilitaet_1-1536x1024.jpg 1536w, https:\/\/gruene-fraktion.la\/wp-content\/uploads\/2020\/06\/4_Mobilitaet_1-2048x1365.jpg 2048w, https:\/\/gruene-fraktion.la\/wp-content\/uploads\/2020\/06\/4_Mobilitaet_1-150x100.jpg 150w\" sizes=\"(max-width: 783px) 100vw, 783px\" title=\"Mobilitaet\" \/>\t\t\t\t\t\t\t\t\t\t\t\t\t\t\t<\/div>\n\t\t\t\t<\/div>\n\t\t\t\t\t<\/div>\n\t\t<\/div>\n\t\t\t\t\t<\/div>\n\t\t<\/section>\n\t\t\t\t<section class=\"elementor-section elementor-top-section elementor-element elementor-element-1c98892 elementor-section-boxed elementor-section-height-default elementor-section-height-default\" data-id=\"1c98892\" data-element_type=\"section\" data-e-type=\"section\">\n\t\t\t\t\t\t<div class=\"elementor-container elementor-column-gap-default\">\n\t\t\t\t\t<div class=\"elementor-column elementor-col-100 elementor-top-column elementor-element elementor-element-285d4d4\" data-id=\"285d4d4\" data-element_type=\"column\" data-e-type=\"column\">\n\t\t\t<div class=\"elementor-widget-wrap elementor-element-populated\">\n\t\t\t\t\t\t<div class=\"elementor-element elementor-element-a51a6d1 elementor-widget elementor-widget-text-editor\" data-id=\"a51a6d1\" data-element_type=\"widget\" data-e-type=\"widget\" data-widget_type=\"text-editor.default\">\n\t\t\t\t<div class=\"elementor-widget-container\">\n\t\t\t\t\t\t\t\t\t<p><span style=\"color: #000000;\">Wir GR\u00dcNE wollen mehr Mobilit\u00e4t und weniger Verkehr. Intelligente, barrierefreie und umweltfreundliche Angebote erm\u00f6glichen Mobilit\u00e4t f\u00fcr alle Landshuterinnen und Landshuter. Ein attraktiver und g\u00fcnstiger \u00d6PNV mit mehr Verbindungen und enger Taktung sichert das Vorankommen in der Stadt \u2013 erg\u00e4nzt durch bedarfsorientierte Angebote wie B\u00fcrgerbusse und Anrufsammeltaxis.<\/span><\/p><p><span style=\"color: #000000;\">Wir machen Landshut zu einer echten Fahrradstadt: Ein durchg\u00e4ngig und gut beschildertes Radwegenetz, Radschnellwege und mehr Fahrradstra\u00dfen sorgen f\u00fcr schnelle und sichere Fortbewegung. Der Ausbau von Tempo 30 Zonen sowie die Ausweitung des f\u00fchren zu einer allgemeinen Verkehrsberuhigung \u2013 nicht zuletzt auf Schulwegen.<\/span><\/p><p><span style=\"color: #000000;\">Konkret werden wir mit einer City-Ringbuslinie und einer weitgehend autofreien Neustadt f\u00fcr mehr Lebensqualit\u00e4t sorgen. Mit einer Fahrradstra\u00dfe zwischen Bahnhof und Altstadt sowie einer Fu\u00dfg\u00e4nger- und Fahrradbr\u00fccke \u00fcber die Bahngleise zur Wolfgangssiedlung bauen wir wichtige Radwegachsen in der Stadt aus.<\/span><\/p>\t\t\t\t\t\t\t\t<\/div>\n\t\t\t\t<\/div>\n\t\t\t\t\t<\/div>\n\t\t<\/div>\n\t\t\t\t\t<\/div>\n\t\t<\/section>\n\t\t\t\t<section class=\"elementor-section elementor-top-section elementor-element elementor-element-216a870 elementor-section-boxed elementor-section-height-default elementor-section-height-default\" data-id=\"216a870\" data-element_type=\"section\" data-e-type=\"section\">\n\t\t\t\t\t\t<div class=\"elementor-container elementor-column-gap-default\">\n\t\t\t\t\t<div class=\"elementor-column elementor-col-100 elementor-top-column elementor-element elementor-element-bd7a354\" data-id=\"bd7a354\" data-element_type=\"column\" data-e-type=\"column\">\n\t\t\t<div class=\"elementor-widget-wrap elementor-element-populated\">\n\t\t\t\t\t\t<div class=\"elementor-element elementor-element-f152663 elementor-widget elementor-widget-heading\" data-id=\"f152663\" data-element_type=\"widget\" data-e-type=\"widget\" data-widget_type=\"heading.default\">\n\t\t\t\t<div class=\"elementor-widget-container\">\n\t\t\t\t\t<h2 class=\"elementor-heading-title elementor-size-default\">Themenbezogene Beitr\u00e4ge:<\/h2>\t\t\t\t<\/div>\n\t\t\t\t<\/div>\n\t\t\t\t<div class=\"elementor-element elementor-element-215fe3a elementor-widget elementor-widget-shortcode\" data-id=\"215fe3a\" data-element_type=\"widget\" data-e-type=\"widget\" data-widget_type=\"shortcode.default\">\n\t\t\t\t<div class=\"elementor-widget-container\">\n\t\t\t\t\t\t\t<div class=\"elementor-shortcode\"><div id=\"upl-list-7357\" class=\"upl-list\">\n<ul>\n<li><div class=\"upl-post-thumbnail\"><a class=\"fancybox\" rel=\"gallery7986\" href=\"https:\/\/gruene-fraktion.la\/?p=10624\"><img decoding=\"async\" width=\"75\" height=\"75\" src=\"https:\/\/gruene-fraktion.la\/wp-content\/uploads\/2026\/02\/Durchfahrtsverbot_Laendgasse-scaled-e1770976998860-150x150.jpg\" class=\"attachment-75x75 size-75x75 wp-post-image\" alt=\"\" srcset=\"https:\/\/gruene-fraktion.la\/wp-content\/uploads\/2026\/02\/Durchfahrtsverbot_Laendgasse-scaled-e1770976998860-150x150.jpg 150w, https:\/\/gruene-fraktion.la\/wp-content\/uploads\/2026\/02\/Durchfahrtsverbot_Laendgasse-scaled-e1770976998860-400x400.jpg 400w\" sizes=\"(max-width: 75px) 100vw, 75px\" title=\"Durchfahrtsverbot_Laendgasse\" \/><\/a><\/div><div class=\"upl-post-date\">M\u00e4rz 2, 2026<\/div><div class=\"upl-post-title\"><a href=\"https:\/\/gruene-fraktion.la\/?p=10624\">B\u00fcrgerbeteiligung: Durchfahrtsverbot L\u00e4ndgasse<\/a><\/div><\/li>\n<li><div class=\"upl-post-thumbnail\"><a class=\"fancybox\" rel=\"gallery7986\" href=\"https:\/\/gruene-fraktion.la\/?p=10614\"><img decoding=\"async\" width=\"75\" height=\"75\" src=\"https:\/\/gruene-fraktion.la\/wp-content\/uploads\/2026\/02\/fotoblend-banknotes-7850299_1280_Haushalt-150x150.jpg\" class=\"attachment-75x75 size-75x75 wp-post-image\" alt=\"\" srcset=\"https:\/\/gruene-fraktion.la\/wp-content\/uploads\/2026\/02\/fotoblend-banknotes-7850299_1280_Haushalt-150x150.jpg 150w, https:\/\/gruene-fraktion.la\/wp-content\/uploads\/2026\/02\/fotoblend-banknotes-7850299_1280_Haushalt-400x400.jpg 400w\" sizes=\"(max-width: 75px) 100vw, 75px\" title=\"fotoblend-banknotes-7850299_1280_Haushalt\" \/><\/a><\/div><div class=\"upl-post-date\">Februar 12, 2026<\/div><div class=\"upl-post-title\"><a href=\"https:\/\/gruene-fraktion.la\/?p=10614\">Aktueller Stand: Antr\u00e4ge zum Haushaltsplenum<\/a><\/div><\/li>\n<li><div class=\"upl-post-thumbnail\"><a class=\"fancybox\" rel=\"gallery7986\" href=\"https:\/\/gruene-fraktion.la\/?p=10605\"><img loading=\"lazy\" decoding=\"async\" width=\"75\" height=\"75\" src=\"https:\/\/gruene-fraktion.la\/wp-content\/uploads\/2026\/02\/peggy_marco-lightning-system-1932178_1280-e1770722273609-150x150.jpg\" class=\"attachment-75x75 size-75x75 wp-post-image\" alt=\"\" srcset=\"https:\/\/gruene-fraktion.la\/wp-content\/uploads\/2026\/02\/peggy_marco-lightning-system-1932178_1280-e1770722273609-150x150.jpg 150w, https:\/\/gruene-fraktion.la\/wp-content\/uploads\/2026\/02\/peggy_marco-lightning-system-1932178_1280-e1770722273609-400x399.jpg 400w\" sizes=\"(max-width: 75px) 100vw, 75px\" title=\"peggy_marco-lightning-system-1932178_1280\" \/><\/a><\/div><div class=\"upl-post-date\">Februar 10, 2026<\/div><div class=\"upl-post-title\"><a href=\"https:\/\/gruene-fraktion.la\/?p=10605\">Blitzger\u00e4te f\u00fcr Landshuts Stra\u00dfen beschlossen<\/a><\/div><\/li>\n<li><div class=\"upl-post-thumbnail\"><a class=\"fancybox\" rel=\"gallery7986\" href=\"https:\/\/gruene-fraktion.la\/?p=10598\"><img loading=\"lazy\" decoding=\"async\" width=\"75\" height=\"75\" src=\"https:\/\/gruene-fraktion.la\/wp-content\/uploads\/2026\/01\/6.4-MB-2026-01-Tempo30-Robert-Koch-Str.-29.01.2026-scaled-e1770712819876-150x150.jpg\" class=\"attachment-75x75 size-75x75 wp-post-image\" alt=\"\" srcset=\"https:\/\/gruene-fraktion.la\/wp-content\/uploads\/2026\/01\/6.4-MB-2026-01-Tempo30-Robert-Koch-Str.-29.01.2026-scaled-e1770712819876-150x150.jpg 150w, https:\/\/gruene-fraktion.la\/wp-content\/uploads\/2026\/01\/6.4-MB-2026-01-Tempo30-Robert-Koch-Str.-29.01.2026-scaled-e1770712819876-400x400.jpg 400w\" sizes=\"(max-width: 75px) 100vw, 75px\" title=\"6.4 MB - 2026-01-Tempo30-Robert-Koch-Str. - 29.01.2026\" \/><\/a><\/div><div class=\"upl-post-date\">Februar 9, 2026<\/div><div class=\"upl-post-title\"><a href=\"https:\/\/gruene-fraktion.la\/?p=10598\">Tempo 30 in der Robert-Koch-Stra\u00dfe kommt<\/a><\/div><\/li>\n<li><div class=\"upl-post-thumbnail\"><a class=\"fancybox\" rel=\"gallery7986\" href=\"https:\/\/gruene-fraktion.la\/?p=10322\"><img loading=\"lazy\" decoding=\"async\" width=\"75\" height=\"75\" src=\"https:\/\/gruene-fraktion.la\/wp-content\/uploads\/2023\/03\/fussgaengerzone-neustadt-150x150.png\" class=\"attachment-75x75 size-75x75 wp-post-image\" alt=\"\" srcset=\"https:\/\/gruene-fraktion.la\/wp-content\/uploads\/2023\/03\/fussgaengerzone-neustadt-150x150.png 150w, https:\/\/gruene-fraktion.la\/wp-content\/uploads\/2023\/03\/fussgaengerzone-neustadt-400x400.png 400w\" sizes=\"(max-width: 75px) 100vw, 75px\" title=\"fussgaengerzone-neustadt\" \/><\/a><\/div><div class=\"upl-post-date\">M\u00e4rz 13, 2023<\/div><div class=\"upl-post-title\"><a href=\"https:\/\/gruene-fraktion.la\/?p=10322\">Fu\u00dfg\u00e4ngerzone Neustadt \u2013  gestalterische M\u00f6glichkeiten darstellen<\/a><\/div><\/li>\n<li><div class=\"upl-post-thumbnail\"><a class=\"fancybox\" rel=\"gallery7986\" href=\"https:\/\/gruene-fraktion.la\/?p=10309\"><img loading=\"lazy\" decoding=\"async\" width=\"75\" height=\"75\" src=\"https:\/\/gruene-fraktion.la\/wp-content\/uploads\/2023\/03\/VideoCapture_20230312-131916-150x150.jpg\" class=\"attachment-75x75 size-75x75 wp-post-image\" alt=\"\" srcset=\"https:\/\/gruene-fraktion.la\/wp-content\/uploads\/2023\/03\/VideoCapture_20230312-131916-150x150.jpg 150w, https:\/\/gruene-fraktion.la\/wp-content\/uploads\/2023\/03\/VideoCapture_20230312-131916-400x400.jpg 400w\" sizes=\"(max-width: 75px) 100vw, 75px\" title=\"VideoCapture_20230312-131916\" \/><\/a><\/div><div class=\"upl-post-date\">M\u00e4rz 13, 2023<\/div><div class=\"upl-post-title\"><a href=\"https:\/\/gruene-fraktion.la\/?p=10309\">Gr\u00fcne lehnen Haushalt 2023 ab: \u201eKlimaschutz auf Sparflamme und eine autozentrierte Mobilit\u00e4tspolitik tragen wir nicht mit\u201c<\/a><\/div><\/li>\n<li><div class=\"upl-post-thumbnail\"><a class=\"fancybox\" rel=\"gallery7986\" href=\"https:\/\/gruene-fraktion.la\/?p=10280\"><img loading=\"lazy\" decoding=\"async\" width=\"75\" height=\"75\" src=\"https:\/\/gruene-fraktion.la\/wp-content\/uploads\/2023\/03\/FuZo-Bild-150x150.png\" class=\"attachment-75x75 size-75x75 wp-post-image\" alt=\"\" srcset=\"https:\/\/gruene-fraktion.la\/wp-content\/uploads\/2023\/03\/FuZo-Bild-150x150.png 150w, https:\/\/gruene-fraktion.la\/wp-content\/uploads\/2023\/03\/FuZo-Bild-400x400.png 400w\" sizes=\"(max-width: 75px) 100vw, 75px\" title=\"FuZo Bild\" \/><\/a><\/div><div class=\"upl-post-date\">M\u00e4rz 2, 2023<\/div><div class=\"upl-post-title\"><a href=\"https:\/\/gruene-fraktion.la\/?p=10280\">\u201eEine Fu\u00dfg\u00e4ngerzone in der Neustadt ist eine Bereicherung f\u00fcr Landshut\u201c<\/a><\/div><\/li>\n<li><div class=\"upl-post-thumbnail\"><a class=\"fancybox\" rel=\"gallery7986\" href=\"https:\/\/gruene-fraktion.la\/?p=10272\"><img loading=\"lazy\" decoding=\"async\" width=\"75\" height=\"75\" src=\"https:\/\/gruene-fraktion.la\/wp-content\/uploads\/2022\/07\/besseres-busangebot-fuer-lands-150x150.png\" class=\"attachment-75x75 size-75x75 wp-post-image\" alt=\"\" srcset=\"https:\/\/gruene-fraktion.la\/wp-content\/uploads\/2022\/07\/besseres-busangebot-fuer-lands-150x150.png 150w, https:\/\/gruene-fraktion.la\/wp-content\/uploads\/2022\/07\/besseres-busangebot-fuer-lands-400x400.png 400w\" sizes=\"(max-width: 75px) 100vw, 75px\" title=\"besseres-busangebot-fuer-lands\" \/><\/a><\/div><div class=\"upl-post-date\">Februar 17, 2023<\/div><div class=\"upl-post-title\"><a href=\"https:\/\/gruene-fraktion.la\/?p=10272\">Mit dem Bus durch die Innenstadt<\/a><\/div><\/li>\n<li><div class=\"upl-post-thumbnail\"><a class=\"fancybox\" rel=\"gallery7986\" href=\"https:\/\/gruene-fraktion.la\/?p=9950\"><img loading=\"lazy\" decoding=\"async\" width=\"75\" height=\"75\" src=\"https:\/\/gruene-fraktion.la\/wp-content\/uploads\/2022\/07\/radlbuergertreff-ost-150x150.png\" class=\"attachment-75x75 size-75x75 wp-post-image\" alt=\"\" srcset=\"https:\/\/gruene-fraktion.la\/wp-content\/uploads\/2022\/07\/radlbuergertreff-ost-150x150.png 150w, https:\/\/gruene-fraktion.la\/wp-content\/uploads\/2022\/07\/radlbuergertreff-ost-400x400.png 400w\" sizes=\"(max-width: 75px) 100vw, 75px\" title=\"radlbuergertreff-ost\" \/><\/a><\/div><div class=\"upl-post-date\">Juli 15, 2022<\/div><div class=\"upl-post-title\"><a href=\"https:\/\/gruene-fraktion.la\/?p=9950\">2. Radl-B\u00fcrgertreff: Landshuter Osten<\/a><\/div><\/li>\n<li><div class=\"upl-post-thumbnail\"><a class=\"fancybox\" rel=\"gallery7986\" href=\"https:\/\/gruene-fraktion.la\/?p=9926\"><img loading=\"lazy\" decoding=\"async\" width=\"75\" height=\"75\" src=\"https:\/\/gruene-fraktion.la\/wp-content\/uploads\/2022\/07\/besseres-busangebot-fuer-lands-150x150.png\" class=\"attachment-75x75 size-75x75 wp-post-image\" alt=\"\" srcset=\"https:\/\/gruene-fraktion.la\/wp-content\/uploads\/2022\/07\/besseres-busangebot-fuer-lands-150x150.png 150w, https:\/\/gruene-fraktion.la\/wp-content\/uploads\/2022\/07\/besseres-busangebot-fuer-lands-400x400.png 400w\" sizes=\"(max-width: 75px) 100vw, 75px\" title=\"besseres-busangebot-fuer-lands\" \/><\/a><\/div><div class=\"upl-post-date\">Juli 15, 2022<\/div><div class=\"upl-post-title\"><a href=\"https:\/\/gruene-fraktion.la\/?p=9926\">Ihre Meinung ist gefragt!<\/a><\/div><\/li>\n<li><div class=\"upl-post-thumbnail\"><a class=\"fancybox\" rel=\"gallery7986\" href=\"https:\/\/gruene-fraktion.la\/?p=9777\"><img loading=\"lazy\" decoding=\"async\" width=\"75\" height=\"75\" src=\"https:\/\/gruene-fraktion.la\/wp-content\/uploads\/2022\/05\/Foto_Flutmulde1-150x150.png\" class=\"attachment-75x75 size-75x75 wp-post-image\" alt=\"\" srcset=\"https:\/\/gruene-fraktion.la\/wp-content\/uploads\/2022\/05\/Foto_Flutmulde1-150x150.png 150w, https:\/\/gruene-fraktion.la\/wp-content\/uploads\/2022\/05\/Foto_Flutmulde1-400x400.png 400w\" sizes=\"(max-width: 75px) 100vw, 75px\" title=\"Foto_Flutmulde1\" \/><\/a><\/div><div class=\"upl-post-date\">Mai 13, 2022<\/div><div class=\"upl-post-title\"><a href=\"https:\/\/gruene-fraktion.la\/?p=9777\">Neue Wege in der Flutmulde?<\/a><\/div><\/li>\n<li><div class=\"upl-post-thumbnail\"><a class=\"fancybox\" rel=\"gallery7986\" href=\"https:\/\/gruene-fraktion.la\/?p=9708\"><img loading=\"lazy\" decoding=\"async\" width=\"75\" height=\"75\" src=\"https:\/\/gruene-fraktion.la\/wp-content\/uploads\/2022\/05\/IMG_3946_klein-150x150.jpg\" class=\"attachment-75x75 size-75x75 wp-post-image\" alt=\"\" srcset=\"https:\/\/gruene-fraktion.la\/wp-content\/uploads\/2022\/05\/IMG_3946_klein-150x150.jpg 150w, https:\/\/gruene-fraktion.la\/wp-content\/uploads\/2022\/05\/IMG_3946_klein-400x400.jpg 400w\" sizes=\"(max-width: 75px) 100vw, 75px\" title=\"IMG_3946_klein\" \/><\/a><\/div><div class=\"upl-post-date\">Mai 3, 2022<\/div><div class=\"upl-post-title\"><a href=\"https:\/\/gruene-fraktion.la\/?p=9708\">Besser Radeln in Landshut<\/a><\/div><\/li>\n<li><div class=\"upl-post-thumbnail\"><a class=\"fancybox\" rel=\"gallery7986\" href=\"https:\/\/gruene-fraktion.la\/?p=9693\"><img loading=\"lazy\" decoding=\"async\" width=\"75\" height=\"75\" src=\"https:\/\/gruene-fraktion.la\/wp-content\/uploads\/2022\/05\/radversammlung_klein-150x150.png\" class=\"attachment-75x75 size-75x75 wp-post-image\" alt=\"\" srcset=\"https:\/\/gruene-fraktion.la\/wp-content\/uploads\/2022\/05\/radversammlung_klein-150x150.png 150w, https:\/\/gruene-fraktion.la\/wp-content\/uploads\/2022\/05\/radversammlung_klein-400x400.png 400w\" sizes=\"(max-width: 75px) 100vw, 75px\" title=\"radversammlung_klein\" \/><\/a><\/div><div class=\"upl-post-date\">Mai 2, 2022<\/div><div class=\"upl-post-title\"><a href=\"https:\/\/gruene-fraktion.la\/?p=9693\">Termin: Radl-B\u00fcrgertreff am 12. Mai, 17 Uhr<\/a><\/div><\/li>\n<li><div class=\"upl-post-thumbnail\"><a class=\"fancybox\" rel=\"gallery7986\" href=\"https:\/\/gruene-fraktion.la\/?p=9167\"><img loading=\"lazy\" decoding=\"async\" width=\"75\" height=\"75\" src=\"https:\/\/gruene-fraktion.la\/wp-content\/uploads\/2022\/03\/wir-suchen-die-schoensten-fahr_550-150x150.png\" class=\"attachment-75x75 size-75x75 wp-post-image\" alt=\"\" srcset=\"https:\/\/gruene-fraktion.la\/wp-content\/uploads\/2022\/03\/wir-suchen-die-schoensten-fahr_550-150x150.png 150w, https:\/\/gruene-fraktion.la\/wp-content\/uploads\/2022\/03\/wir-suchen-die-schoensten-fahr_550-400x400.png 400w, https:\/\/gruene-fraktion.la\/wp-content\/uploads\/2022\/03\/wir-suchen-die-schoensten-fahr_550.png 550w\" sizes=\"(max-width: 75px) 100vw, 75px\" title=\"wir-suchen-die-schoensten-fahr_550\" \/><\/a><\/div><div class=\"upl-post-date\">M\u00e4rz 10, 2022<\/div><div class=\"upl-post-title\"><a href=\"https:\/\/gruene-fraktion.la\/?p=9167\">Dein sch\u00f6nstes Fahrradfoto<\/a><\/div><\/li>\n<li><div class=\"upl-post-thumbnail\"><a class=\"fancybox\" rel=\"gallery7986\" href=\"https:\/\/gruene-fraktion.la\/?p=8200\"><img loading=\"lazy\" decoding=\"async\" width=\"75\" height=\"75\" src=\"https:\/\/gruene-fraktion.la\/wp-content\/uploads\/2022\/02\/bus-und-bahn-einfach-machen-150x150.jpg\" class=\"attachment-75x75 size-75x75 wp-post-image\" alt=\"\" srcset=\"https:\/\/gruene-fraktion.la\/wp-content\/uploads\/2022\/02\/bus-und-bahn-einfach-machen-150x150.jpg 150w, https:\/\/gruene-fraktion.la\/wp-content\/uploads\/2022\/02\/bus-und-bahn-einfach-machen-400x400.jpg 400w\" sizes=\"(max-width: 75px) 100vw, 75px\" title=\"bus-und-bahn-einfach-machen\" \/><\/a><\/div><div class=\"upl-post-date\">Februar 24, 2022<\/div><div class=\"upl-post-title\"><a href=\"https:\/\/gruene-fraktion.la\/?p=8200\">Den \u00f6ffentlichen Nahverkehr st\u00e4rken<\/a><\/div><\/li>\n<li><div class=\"upl-post-thumbnail\"><a class=\"fancybox\" rel=\"gallery7986\" href=\"https:\/\/gruene-fraktion.la\/?p=8121\"><img loading=\"lazy\" decoding=\"async\" width=\"75\" height=\"75\" src=\"https:\/\/gruene-fraktion.la\/wp-content\/uploads\/2022\/02\/mehr-sicherheit-fuer-radfahrer-150x150.png\" class=\"attachment-75x75 size-75x75 wp-post-image\" alt=\"\" srcset=\"https:\/\/gruene-fraktion.la\/wp-content\/uploads\/2022\/02\/mehr-sicherheit-fuer-radfahrer-150x150.png 150w, https:\/\/gruene-fraktion.la\/wp-content\/uploads\/2022\/02\/mehr-sicherheit-fuer-radfahrer-400x400.png 400w\" sizes=\"(max-width: 75px) 100vw, 75px\" title=\"mehr-sicherheit-fuer-radfahrer\" \/><\/a><\/div><div class=\"upl-post-date\">Februar 15, 2022<\/div><div class=\"upl-post-title\"><a href=\"https:\/\/gruene-fraktion.la\/?p=8121\">Bachstra\u00dfe: Gr\u00fcne fordern mehr Sicherheit f\u00fcr Radler und Fu\u00dfg\u00e4nger\u00a0<\/a><\/div><\/li>\n<li><div class=\"upl-post-thumbnail\"><a class=\"fancybox\" rel=\"gallery7986\" href=\"https:\/\/gruene-fraktion.la\/?p=8087\"><img loading=\"lazy\" decoding=\"async\" width=\"75\" height=\"75\" src=\"https:\/\/gruene-fraktion.la\/wp-content\/uploads\/2022\/02\/IMAGE-150x150.png\" class=\"attachment-75x75 size-75x75 wp-post-image\" alt=\"\" srcset=\"https:\/\/gruene-fraktion.la\/wp-content\/uploads\/2022\/02\/IMAGE-150x150.png 150w, https:\/\/gruene-fraktion.la\/wp-content\/uploads\/2022\/02\/IMAGE-400x400.png 400w, https:\/\/gruene-fraktion.la\/wp-content\/uploads\/2022\/02\/IMAGE.png 693w\" sizes=\"(max-width: 75px) 100vw, 75px\" title=\"IMAGE\" \/><\/a><\/div><div class=\"upl-post-date\">Februar 9, 2022<\/div><div class=\"upl-post-title\"><a href=\"https:\/\/gruene-fraktion.la\/?p=8087\">Mehr Sicherheit f\u00fcr Radfahrer<\/a><\/div><\/li>\n<li><div class=\"upl-post-date\">Dezember 3, 2021<\/div><div class=\"upl-post-title\"><a href=\"https:\/\/gruene-fraktion.la\/?p=7986\">Antrag Hauptroute Altstadt &#8211; Achdorf<\/a><\/div><\/li>\n<\/ul>\n<\/div>\n<\/div>\n\t\t\t\t\t\t<\/div>\n\t\t\t\t<\/div>\n\t\t\t\t\t<\/div>\n\t\t<\/div>\n\t\t\t\t\t<\/div>\n\t\t<\/section>\n\t\t\t\t<\/div>\n\t\t","protected":false},"excerpt":{"rendered":"<p>Wir GR\u00dcNE wollen mehr Mobilit\u00e4t und weniger Verkehr. Intelligente, barrierefreie und umweltfreundliche Angebote erm\u00f6glichen Mobilit\u00e4t f\u00fcr alle Landshuterinnen und Landshuter. Ein attraktiver und g\u00fcnstiger \u00d6PNV mit mehr Verbindungen und enger&#8230; <\/p>\n","protected":false},"author":1,"featured_media":0,"parent":16,"menu_order":6,"comment_status":"closed","ping_status":"closed","template":"","meta":{"_eb_attr":"","footnotes":""},"class_list":["post-7354","page","type-page","status-publish","hentry"],"_links":{"self":[{"href":"https:\/\/gruene-fraktion.la\/index.php?rest_route=\/wp\/v2\/pages\/7354","targetHints":{"allow":["GET"]}}],"collection":[{"href":"https:\/\/gruene-fraktion.la\/index.php?rest_route=\/wp\/v2\/pages"}],"about":[{"href":"https:\/\/gruene-fraktion.la\/index.php?rest_route=\/wp\/v2\/types\/page"}],"author":[{"embeddable":true,"href":"https:\/\/gruene-fraktion.la\/index.php?rest_route=\/wp\/v2\/users\/1"}],"replies":[{"embeddable":true,"href":"https:\/\/gruene-fraktion.la\/index.php?rest_route=%2Fwp%2Fv2%2Fcomments&post=7354"}],"version-history":[{"count":5,"href":"https:\/\/gruene-fraktion.la\/index.php?rest_route=\/wp\/v2\/pages\/7354\/revisions"}],"predecessor-version":[{"id":9518,"href":"https:\/\/gruene-fraktion.la\/index.php?rest_route=\/wp\/v2\/pages\/7354\/revisions\/9518"}],"up":[{"embeddable":true,"href":"https:\/\/gruene-fraktion.la\/index.php?rest_route=\/wp\/v2\/pages\/16"}],"wp:attachment":[{"href":"https:\/\/gruene-fraktion.la\/index.php?rest_route=%2Fwp%2Fv2%2Fmedia&parent=7354"}],"curies":[{"name":"wp","href":"https:\/\/api.w.org\/{rel}","templated":true}]}}