{"id":7378,"date":"2020-02-19T09:24:07","date_gmt":"2020-02-19T09:24:07","guid":{"rendered":"https:\/\/xn--grne-fraktion-landshut-tlc.de\/?page_id=7378"},"modified":"2023-04-28T06:49:45","modified_gmt":"2023-04-28T06:49:45","slug":"dr-thomas-keyssner","status":"publish","type":"page","link":"https:\/\/gruene-fraktion.la\/?page_id=7378","title":{"rendered":"Dr. Thomas Key\u00dfner"},"content":{"rendered":"\t\t<div data-elementor-type=\"wp-page\" data-elementor-id=\"7378\" class=\"elementor elementor-7378\">\n\t\t\t\t\t\t<section class=\"elementor-section elementor-top-section elementor-element elementor-element-a43c1c7 elementor-section-boxed elementor-section-height-default elementor-section-height-default\" data-id=\"a43c1c7\" data-element_type=\"section\" data-e-type=\"section\">\n\t\t\t\t\t\t<div class=\"elementor-container elementor-column-gap-default\">\n\t\t\t\t\t<div class=\"elementor-column elementor-col-50 elementor-top-column elementor-element elementor-element-6d60b26\" data-id=\"6d60b26\" data-element_type=\"column\" data-e-type=\"column\">\n\t\t\t<div class=\"elementor-widget-wrap elementor-element-populated\">\n\t\t\t\t\t\t<div class=\"elementor-element elementor-element-8905a83 elementor-widget elementor-widget-image\" data-id=\"8905a83\" data-element_type=\"widget\" data-e-type=\"widget\" data-widget_type=\"image.default\">\n\t\t\t\t<div class=\"elementor-widget-container\">\n\t\t\t\t\t\t\t\t\t\t\t\t\t\t\t<img fetchpriority=\"high\" decoding=\"async\" width=\"783\" height=\"587\" src=\"https:\/\/gruene-fraktion.la\/wp-content\/uploads\/2020\/02\/12_Keyssner_T_Flyer-800x600.jpg\" class=\"attachment-large size-large wp-image-7376\" alt=\"\" srcset=\"https:\/\/gruene-fraktion.la\/wp-content\/uploads\/2020\/02\/12_Keyssner_T_Flyer-800x600.jpg 800w, https:\/\/gruene-fraktion.la\/wp-content\/uploads\/2020\/02\/12_Keyssner_T_Flyer-400x300.jpg 400w, https:\/\/gruene-fraktion.la\/wp-content\/uploads\/2020\/02\/12_Keyssner_T_Flyer-768x576.jpg 768w, https:\/\/gruene-fraktion.la\/wp-content\/uploads\/2020\/02\/12_Keyssner_T_Flyer-1536x1152.jpg 1536w, https:\/\/gruene-fraktion.la\/wp-content\/uploads\/2020\/02\/12_Keyssner_T_Flyer-2048x1536.jpg 2048w, https:\/\/gruene-fraktion.la\/wp-content\/uploads\/2020\/02\/12_Keyssner_T_Flyer-150x113.jpg 150w\" sizes=\"(max-width: 783px) 100vw, 783px\" title=\"Dr. Thomas Key\u00dfner\" \/>\t\t\t\t\t\t\t\t\t\t\t\t\t\t\t<\/div>\n\t\t\t\t<\/div>\n\t\t\t\t\t<\/div>\n\t\t<\/div>\n\t\t\t\t<div class=\"elementor-column elementor-col-50 elementor-top-column elementor-element elementor-element-27ee6af\" data-id=\"27ee6af\" data-element_type=\"column\" data-e-type=\"column\">\n\t\t\t<div class=\"elementor-widget-wrap elementor-element-populated\">\n\t\t\t\t\t\t<div class=\"elementor-element elementor-element-d55dfcb elementor-widget elementor-widget-text-editor\" data-id=\"d55dfcb\" data-element_type=\"widget\" data-e-type=\"widget\" data-widget_type=\"text-editor.default\">\n\t\t\t\t<div class=\"elementor-widget-container\">\n\t\t\t\t\t\t\t\t\t<p><em>&#8222;Ich m\u00f6chte unsere einzigartige historische Innenstadt erhalten und lebendiger machen und daher mehr Platz schaffen f\u00fcr Menschen, weniger Autos.&#8220;<\/em><\/p>\t\t\t\t\t\t\t\t<\/div>\n\t\t\t\t<\/div>\n\t\t\t\t\t<\/div>\n\t\t<\/div>\n\t\t\t\t\t<\/div>\n\t\t<\/section>\n\t\t\t\t<section class=\"elementor-section elementor-top-section elementor-element elementor-element-45990e0 elementor-section-boxed elementor-section-height-default elementor-section-height-default\" data-id=\"45990e0\" data-element_type=\"section\" data-e-type=\"section\">\n\t\t\t\t\t\t<div class=\"elementor-container elementor-column-gap-default\">\n\t\t\t\t\t<div class=\"elementor-column elementor-col-100 elementor-top-column elementor-element elementor-element-6255874\" data-id=\"6255874\" data-element_type=\"column\" data-e-type=\"column\">\n\t\t\t<div class=\"elementor-widget-wrap elementor-element-populated\">\n\t\t\t\t\t\t<div class=\"elementor-element elementor-element-4fc40a5 elementor-widget elementor-widget-text-editor\" data-id=\"4fc40a5\" data-element_type=\"widget\" data-e-type=\"widget\" data-widget_type=\"text-editor.default\">\n\t\t\t\t<div class=\"elementor-widget-container\">\n\t\t\t\t\t\t\t\t\t<p><span style=\"color: black;\">Thomas Key\u00dfner ist Stadtrat seit 1996. Seither war er 12 Jahre lang Fraktionsvorsitzender, dann 12 Jahre lang Zweiter B\u00fcrgermeister.<\/span><\/p>\n<p><span style=\"color: black;\"><span style=\"color: black;\">Nach dem Motto \u201eglobal denken, lokal handeln\u201c hat er sich von Beginn an f\u00fcr eine klima- und menschenfreundliche Verkehrspolitik eingesetzt. Gerade in den letzten Jahren als B\u00fcrgermeister hat er sich f\u00fcr Landshut als Radlstadt stark gemacht. Daran m\u00f6chte er jetzt ankn\u00fcpfen im Verkehrssenat und als Verwaltungsbeirat Verkehr. &#8222;Ich m\u00f6chte unsere einzigartige historische Innenstadt erhalten und lebendiger machen und daher mehr Platz schaffen f\u00fcr Menschen, weniger f\u00fcr Autos.&#8220; <br><\/span><\/span><\/p>\n<p><span style=\"color: black;\"><span style=\"color: black;\">Weil in Landshut auch der Denkmalschutz f\u00fcr ihn ganz wichtig ist, geh\u00f6rt er erstmals dem Bausenat an. &#8222;Hier geht es au\u00dferdem um gro\u00dfe Herausforderungen in einer wachsenden Stadt: endlich bezahlbare Wohnungen bauen und zugleich aber unsere tollen Gr\u00fcnstrukturen f\u00fcr die Naherholung erhalten. Das ist fast ein Spagat. Den k\u00f6nnen wir aber durchstehen, wenn wir endlich viel sparsamer mit unseren Fl\u00e4chen umgehen und Mobilit\u00e4t neu denken.&#8220;<\/span><\/span><\/p>\n<p><span style=\"color: black;\"><span style=\"color: black;\">Das gr\u00fcne Landshut zu Fu\u00df oder mit dem Radl &#8222;erfahren&#8220; &#8211; da verbindet sich f\u00fcr <\/span><\/span><span style=\"color: black;\"><span style=\"color: black;\"><span style=\"color: black;\">Thomas Key\u00dfner Politik und Freizeit. Und gerne kommt er dabei auch mit den B\u00fcrger*innen ins Gespr\u00e4ch, bei Radroutenchecks oder Stadtteiltreffs. &#8222;Schon heute lade ich Sie ganz herzlich ein, bei einer dieser Touren einmal dabeizusein.&#8220;<\/span><\/span><\/span><\/p>\n<p><\/p>\n<p><span style=\"color: #000000;\">Funktionen im Zusammenhang mit der Stadtratsarbeit:<\/span><\/p>\n<ul>\n<li><span style=\"color: #000000;\">Mitglied im Bausenat<\/span><\/li>\n<li><span style=\"color: #000000;\">Mitglied im Personalsenat<\/span><\/li>\n<\/ul>\t\t\t\t\t\t\t\t<\/div>\n\t\t\t\t<\/div>\n\t\t\t\t\t<\/div>\n\t\t<\/div>\n\t\t\t\t\t<\/div>\n\t\t<\/section>\n\t\t\t\t<section class=\"elementor-section elementor-top-section elementor-element elementor-element-e3a68c3 elementor-section-boxed elementor-section-height-default elementor-section-height-default\" data-id=\"e3a68c3\" data-element_type=\"section\" data-e-type=\"section\">\n\t\t\t\t\t\t<div class=\"elementor-container elementor-column-gap-default\">\n\t\t\t\t\t<div class=\"elementor-column elementor-col-100 elementor-top-column elementor-element elementor-element-7cd9d6f\" data-id=\"7cd9d6f\" data-element_type=\"column\" data-e-type=\"column\">\n\t\t\t<div class=\"elementor-widget-wrap elementor-element-populated\">\n\t\t\t\t\t\t<div class=\"elementor-element elementor-element-0f71f6a elementor-widget elementor-widget-text-editor\" data-id=\"0f71f6a\" data-element_type=\"widget\" data-e-type=\"widget\" data-widget_type=\"text-editor.default\">\n\t\t\t\t<div class=\"elementor-widget-container\">\n\t\t\t\t\t\t\t\t\t<p><span style=\"color: #000000;\"><strong>Kontakt:<\/strong> <a href=\"mailto:Thomas.Keyssner@gruene-fraktion.la\">Thomas.Keyssner@gruene-fraktion.la<\/a><\/span><\/p>\t\t\t\t\t\t\t\t<\/div>\n\t\t\t\t<\/div>\n\t\t\t\t\t<\/div>\n\t\t<\/div>\n\t\t\t\t\t<\/div>\n\t\t<\/section>\n\t\t\t\t<\/div>\n\t\t","protected":false},"excerpt":{"rendered":"<p>&#8222;Ich m\u00f6chte unsere einzigartige historische Innenstadt erhalten und lebendiger machen und daher mehr Platz schaffen f\u00fcr Menschen, weniger Autos.&#8220; Thomas Key\u00dfner ist Stadtrat seit 1996. Seither war er 12 Jahre&#8230; <\/p>\n","protected":false},"author":1,"featured_media":0,"parent":12,"menu_order":3,"comment_status":"closed","ping_status":"closed","template":"","meta":{"_eb_attr":"","footnotes":""},"class_list":["post-7378","page","type-page","status-publish","hentry"],"_links":{"self":[{"href":"https:\/\/gruene-fraktion.la\/index.php?rest_route=\/wp\/v2\/pages\/7378","targetHints":{"allow":["GET"]}}],"collection":[{"href":"https:\/\/gruene-fraktion.la\/index.php?rest_route=\/wp\/v2\/pages"}],"about":[{"href":"https:\/\/gruene-fraktion.la\/index.php?rest_route=\/wp\/v2\/types\/page"}],"author":[{"embeddable":true,"href":"https:\/\/gruene-fraktion.la\/index.php?rest_route=\/wp\/v2\/users\/1"}],"replies":[{"embeddable":true,"href":"https:\/\/gruene-fraktion.la\/index.php?rest_route=%2Fwp%2Fv2%2Fcomments&post=7378"}],"version-history":[{"count":21,"href":"https:\/\/gruene-fraktion.la\/index.php?rest_route=\/wp\/v2\/pages\/7378\/revisions"}],"predecessor-version":[{"id":10411,"href":"https:\/\/gruene-fraktion.la\/index.php?rest_route=\/wp\/v2\/pages\/7378\/revisions\/10411"}],"up":[{"embeddable":true,"href":"https:\/\/gruene-fraktion.la\/index.php?rest_route=\/wp\/v2\/pages\/12"}],"wp:attachment":[{"href":"https:\/\/gruene-fraktion.la\/index.php?rest_route=%2Fwp%2Fv2%2Fmedia&parent=7378"}],"curies":[{"name":"wp","href":"https:\/\/api.w.org\/{rel}","templated":true}]}}