{"id":7384,"date":"2020-02-19T09:24:30","date_gmt":"2020-02-19T09:24:30","guid":{"rendered":"https:\/\/xn--grne-fraktion-landshut-tlc.de\/?page_id=7384"},"modified":"2020-06-04T08:58:47","modified_gmt":"2020-06-04T08:58:47","slug":"elke-ruemmelein","status":"publish","type":"page","link":"https:\/\/gruene-fraktion.la\/?page_id=7384","title":{"rendered":"Elke R\u00fcmmelein"},"content":{"rendered":"\t\t<div data-elementor-type=\"wp-page\" data-elementor-id=\"7384\" class=\"elementor elementor-7384\">\n\t\t\t\t\t\t<section class=\"elementor-section elementor-top-section elementor-element elementor-element-91f818f elementor-section-boxed elementor-section-height-default elementor-section-height-default\" data-id=\"91f818f\" data-element_type=\"section\" data-e-type=\"section\">\n\t\t\t\t\t\t<div class=\"elementor-container elementor-column-gap-default\">\n\t\t\t\t\t<div class=\"elementor-column elementor-col-100 elementor-top-column elementor-element elementor-element-0ac3af6\" data-id=\"0ac3af6\" data-element_type=\"column\" data-e-type=\"column\">\n\t\t\t<div class=\"elementor-widget-wrap elementor-element-populated\">\n\t\t\t\t\t\t<div class=\"elementor-element elementor-element-f359f83 elementor-widget elementor-widget-image\" data-id=\"f359f83\" data-element_type=\"widget\" data-e-type=\"widget\" data-widget_type=\"image.default\">\n\t\t\t\t<div class=\"elementor-widget-container\">\n\t\t\t\t\t\t\t\t\t\t\t\t\t\t\t<img fetchpriority=\"high\" decoding=\"async\" width=\"783\" height=\"587\" src=\"https:\/\/gruene-fraktion.la\/wp-content\/uploads\/2020\/05\/5_Ruemmelein_Flyer-800x600.jpg\" class=\"attachment-large size-large wp-image-7474\" alt=\"\" srcset=\"https:\/\/gruene-fraktion.la\/wp-content\/uploads\/2020\/05\/5_Ruemmelein_Flyer-800x600.jpg 800w, https:\/\/gruene-fraktion.la\/wp-content\/uploads\/2020\/05\/5_Ruemmelein_Flyer-400x300.jpg 400w, https:\/\/gruene-fraktion.la\/wp-content\/uploads\/2020\/05\/5_Ruemmelein_Flyer-768x576.jpg 768w, https:\/\/gruene-fraktion.la\/wp-content\/uploads\/2020\/05\/5_Ruemmelein_Flyer-1536x1152.jpg 1536w, https:\/\/gruene-fraktion.la\/wp-content\/uploads\/2020\/05\/5_Ruemmelein_Flyer-2048x1536.jpg 2048w, https:\/\/gruene-fraktion.la\/wp-content\/uploads\/2020\/05\/5_Ruemmelein_Flyer-150x113.jpg 150w\" sizes=\"(max-width: 783px) 100vw, 783px\" title=\"Elke R\u00fcmmelein\" \/>\t\t\t\t\t\t\t\t\t\t\t\t\t\t\t<\/div>\n\t\t\t\t<\/div>\n\t\t\t\t\t<\/div>\n\t\t<\/div>\n\t\t\t\t<div class=\"elementor-column elementor-col-100 elementor-top-column elementor-element elementor-element-516b82f\" data-id=\"516b82f\" data-element_type=\"column\" data-e-type=\"column\">\n\t\t\t<div class=\"elementor-widget-wrap elementor-element-populated\">\n\t\t\t\t\t\t<div class=\"elementor-element elementor-element-1138cfb elementor-widget elementor-widget-text-editor\" data-id=\"1138cfb\" data-element_type=\"widget\" data-e-type=\"widget\" data-widget_type=\"text-editor.default\">\n\t\t\t\t<div class=\"elementor-widget-container\">\n\t\t\t\t\t\t\t\t\t<p><em>&#8222;\u00d6kologie, \u00d6konomie, Kultur und soziale Gerechtigkeit gemeinsam denken, denn Landshut ist mehr als die Summe seiner Steuerzahler*innen.<\/em><\/p>\t\t\t\t\t\t\t\t<\/div>\n\t\t\t\t<\/div>\n\t\t\t\t\t<\/div>\n\t\t<\/div>\n\t\t\t\t\t<\/div>\n\t\t<\/section>\n\t\t\t\t<section class=\"elementor-section elementor-top-section elementor-element elementor-element-5e799b2 elementor-section-boxed elementor-section-height-default elementor-section-height-default\" data-id=\"5e799b2\" data-element_type=\"section\" data-e-type=\"section\">\n\t\t\t\t\t\t<div class=\"elementor-container elementor-column-gap-default\">\n\t\t\t\t\t<div class=\"elementor-column elementor-col-100 elementor-top-column elementor-element elementor-element-288e37c\" data-id=\"288e37c\" data-element_type=\"column\" data-e-type=\"column\">\n\t\t\t<div class=\"elementor-widget-wrap elementor-element-populated\">\n\t\t\t\t\t\t<div class=\"elementor-element elementor-element-6f8a195 elementor-widget elementor-widget-text-editor\" data-id=\"6f8a195\" data-element_type=\"widget\" data-e-type=\"widget\" data-widget_type=\"text-editor.default\">\n\t\t\t\t<div class=\"elementor-widget-container\">\n\t\t\t\t\t\t\t\t\t<p><span style=\"color: #000000;\">Geboren und Aufgewachsen in Franken und als An\u00e4sthesie-und Intensivschwester t\u00e4tig, h\u00e4tte sie sich jeden Ort aussuchen k\u00f6nnen. Doch sie blieb der Liebe wegen &#8211; und zwar der Liebe zur Landshuter Hochzeit und zur Stadt Landshut wegen. Aus einem geplanten Jahr wurde, mit einer kurzen M\u00fcnchener Episode, nunmehr ein viertel Jahrundert.<\/span><\/p>\n<p><span style=\"color: #000000;\">\u00d6kologie und soziale Gerechtigkeit sind f\u00fcr sie die beiden Seiten ein und derselben Medaille. Aus einem christlichen und linksorientierten Verst\u00e4ndnis heraus positioniert sie sich gegen rechtspopulistische Tendenzen. Ein Handschlag mit solchen Politiker*innen kann es f\u00fcr sie nicht geben.<\/span><\/p><p><br><\/p><p><span style=\"color: #000000;\">Funktionen im Zusammenhang mit der Stadtratsarbeit:<\/span><\/p><ul><li><span style=\"color: #000000;\">Mitglied im Sportsenat<\/span><\/li><li><span style=\"color: #000000;\">Mitglied im Verwaltungssenat<\/span><\/li><li><span style=\"color: #000000;\">Mitglied im Werksenat<\/span><\/li><\/ul><p><span style=\"color: #000000;\"><\/span><\/p>\t\t\t\t\t\t\t\t<\/div>\n\t\t\t\t<\/div>\n\t\t\t\t\t<\/div>\n\t\t<\/div>\n\t\t\t\t\t<\/div>\n\t\t<\/section>\n\t\t\t\t<section class=\"elementor-section elementor-top-section elementor-element elementor-element-8f4958a elementor-section-boxed elementor-section-height-default elementor-section-height-default\" data-id=\"8f4958a\" data-element_type=\"section\" data-e-type=\"section\">\n\t\t\t\t\t\t<div class=\"elementor-container elementor-column-gap-default\">\n\t\t\t\t\t<div class=\"elementor-column elementor-col-100 elementor-top-column elementor-element elementor-element-1efb46f\" data-id=\"1efb46f\" data-element_type=\"column\" data-e-type=\"column\">\n\t\t\t<div class=\"elementor-widget-wrap elementor-element-populated\">\n\t\t\t\t\t\t<div class=\"elementor-element elementor-element-f82bc3e elementor-widget elementor-widget-text-editor\" data-id=\"f82bc3e\" data-element_type=\"widget\" data-e-type=\"widget\" data-widget_type=\"text-editor.default\">\n\t\t\t\t<div class=\"elementor-widget-container\">\n\t\t\t\t\t\t\t\t\t<p><strong><span style=\"color: #000000;\">Kontakt: <\/span><\/strong><a href=\"mailto:Elke.Ruemmelein@gruene-fraktion.la\"><span style=\"color: #000000;\">Elke.Ruemmelein@gruene-fraktion.la<\/span><\/a><\/p>\t\t\t\t\t\t\t\t<\/div>\n\t\t\t\t<\/div>\n\t\t\t\t\t<\/div>\n\t\t<\/div>\n\t\t\t\t\t<\/div>\n\t\t<\/section>\n\t\t\t\t<\/div>\n\t\t","protected":false},"excerpt":{"rendered":"<p>&#8222;\u00d6kologie, \u00d6konomie, Kultur und soziale Gerechtigkeit gemeinsam denken, denn Landshut ist mehr als die Summe seiner Steuerzahler*innen. Geboren und Aufgewachsen in Franken und als An\u00e4sthesie-und Intensivschwester t\u00e4tig, h\u00e4tte sie sich&#8230; <\/p>\n","protected":false},"author":1,"featured_media":0,"parent":12,"menu_order":9,"comment_status":"closed","ping_status":"closed","template":"","meta":{"_eb_attr":"","footnotes":""},"class_list":["post-7384","page","type-page","status-publish","hentry"],"_links":{"self":[{"href":"https:\/\/gruene-fraktion.la\/index.php?rest_route=\/wp\/v2\/pages\/7384","targetHints":{"allow":["GET"]}}],"collection":[{"href":"https:\/\/gruene-fraktion.la\/index.php?rest_route=\/wp\/v2\/pages"}],"about":[{"href":"https:\/\/gruene-fraktion.la\/index.php?rest_route=\/wp\/v2\/types\/page"}],"author":[{"embeddable":true,"href":"https:\/\/gruene-fraktion.la\/index.php?rest_route=\/wp\/v2\/users\/1"}],"replies":[{"embeddable":true,"href":"https:\/\/gruene-fraktion.la\/index.php?rest_route=%2Fwp%2Fv2%2Fcomments&post=7384"}],"version-history":[{"count":13,"href":"https:\/\/gruene-fraktion.la\/index.php?rest_route=\/wp\/v2\/pages\/7384\/revisions"}],"predecessor-version":[{"id":7658,"href":"https:\/\/gruene-fraktion.la\/index.php?rest_route=\/wp\/v2\/pages\/7384\/revisions\/7658"}],"up":[{"embeddable":true,"href":"https:\/\/gruene-fraktion.la\/index.php?rest_route=\/wp\/v2\/pages\/12"}],"wp:attachment":[{"href":"https:\/\/gruene-fraktion.la\/index.php?rest_route=%2Fwp%2Fv2%2Fmedia&parent=7384"}],"curies":[{"name":"wp","href":"https:\/\/api.w.org\/{rel}","templated":true}]}}