{"id":7385,"date":"2020-02-19T09:24:35","date_gmt":"2020-02-19T09:24:35","guid":{"rendered":"https:\/\/xn--grne-fraktion-landshut-tlc.de\/?page_id=7385"},"modified":"2020-06-04T08:56:55","modified_gmt":"2020-06-04T08:56:55","slug":"regine-keyssner","status":"publish","type":"page","link":"https:\/\/gruene-fraktion.la\/?page_id=7385","title":{"rendered":"Regine Key\u00dfner"},"content":{"rendered":"\t\t<div data-elementor-type=\"wp-page\" data-elementor-id=\"7385\" class=\"elementor elementor-7385\">\n\t\t\t\t\t\t<section class=\"elementor-section elementor-top-section elementor-element elementor-element-1ade999 elementor-section-boxed elementor-section-height-default elementor-section-height-default\" data-id=\"1ade999\" data-element_type=\"section\" data-e-type=\"section\">\n\t\t\t\t\t\t<div class=\"elementor-container elementor-column-gap-default\">\n\t\t\t\t\t<div class=\"elementor-column elementor-col-50 elementor-top-column elementor-element elementor-element-c7fd921\" data-id=\"c7fd921\" data-element_type=\"column\" data-e-type=\"column\">\n\t\t\t<div class=\"elementor-widget-wrap elementor-element-populated\">\n\t\t\t\t\t\t<div class=\"elementor-element elementor-element-53e5a0f elementor-widget elementor-widget-image\" data-id=\"53e5a0f\" data-element_type=\"widget\" data-e-type=\"widget\" data-widget_type=\"image.default\">\n\t\t\t\t<div class=\"elementor-widget-container\">\n\t\t\t\t\t\t\t\t\t\t\t\t\t\t\t<img fetchpriority=\"high\" decoding=\"async\" width=\"783\" height=\"587\" src=\"https:\/\/gruene-fraktion.la\/wp-content\/uploads\/2020\/02\/9_Keyssner_R_Flyer-800x600.jpg\" class=\"attachment-large size-large wp-image-7375\" alt=\"\" srcset=\"https:\/\/gruene-fraktion.la\/wp-content\/uploads\/2020\/02\/9_Keyssner_R_Flyer-800x600.jpg 800w, https:\/\/gruene-fraktion.la\/wp-content\/uploads\/2020\/02\/9_Keyssner_R_Flyer-400x300.jpg 400w, https:\/\/gruene-fraktion.la\/wp-content\/uploads\/2020\/02\/9_Keyssner_R_Flyer-768x576.jpg 768w, https:\/\/gruene-fraktion.la\/wp-content\/uploads\/2020\/02\/9_Keyssner_R_Flyer-1536x1152.jpg 1536w, https:\/\/gruene-fraktion.la\/wp-content\/uploads\/2020\/02\/9_Keyssner_R_Flyer-2048x1536.jpg 2048w, https:\/\/gruene-fraktion.la\/wp-content\/uploads\/2020\/02\/9_Keyssner_R_Flyer-150x113.jpg 150w\" sizes=\"(max-width: 783px) 100vw, 783px\" title=\"Regine Key\u00dfner\" \/>\t\t\t\t\t\t\t\t\t\t\t\t\t\t\t<\/div>\n\t\t\t\t<\/div>\n\t\t\t\t\t<\/div>\n\t\t<\/div>\n\t\t\t\t<div class=\"elementor-column elementor-col-50 elementor-top-column elementor-element elementor-element-2348023\" data-id=\"2348023\" data-element_type=\"column\" data-e-type=\"column\">\n\t\t\t<div class=\"elementor-widget-wrap elementor-element-populated\">\n\t\t\t\t\t\t<div class=\"elementor-element elementor-element-2155399 elementor-widget elementor-widget-text-editor\" data-id=\"2155399\" data-element_type=\"widget\" data-e-type=\"widget\" data-widget_type=\"text-editor.default\">\n\t\t\t\t<div class=\"elementor-widget-container\">\n\t\t\t\t\t\t\t\t\t<p><em>&#8222;Wir haben die Erde von unseren Kindern nur geborgt\u201c. Dies hei\u00dft f\u00fcr mich als Christin: Wirtschaften im Einklang mit der Natur und immer die Schw\u00e4chsten im Blick.&#8220;<\/em><\/p>\t\t\t\t\t\t\t\t<\/div>\n\t\t\t\t<\/div>\n\t\t\t\t\t<\/div>\n\t\t<\/div>\n\t\t\t\t\t<\/div>\n\t\t<\/section>\n\t\t\t\t<section class=\"elementor-section elementor-top-section elementor-element elementor-element-70a1046 elementor-section-boxed elementor-section-height-default elementor-section-height-default\" data-id=\"70a1046\" data-element_type=\"section\" data-e-type=\"section\">\n\t\t\t\t\t\t<div class=\"elementor-container elementor-column-gap-default\">\n\t\t\t\t\t<div class=\"elementor-column elementor-col-100 elementor-top-column elementor-element elementor-element-88c18f8\" data-id=\"88c18f8\" data-element_type=\"column\" data-e-type=\"column\">\n\t\t\t<div class=\"elementor-widget-wrap elementor-element-populated\">\n\t\t\t\t\t\t<div class=\"elementor-element elementor-element-e72a78d elementor-widget elementor-widget-text-editor\" data-id=\"e72a78d\" data-element_type=\"widget\" data-e-type=\"widget\" data-widget_type=\"text-editor.default\">\n\t\t\t\t<div class=\"elementor-widget-container\">\n\t\t\t\t\t\t\t\t\t<p><span style=\"color: #000000;\">Die geb\u00fcrtige \u201eW\u00fcrttembergerin\u201c lebt seit 36 Jahren in Landshut.<\/span><br \/><span style=\"color: #000000;\">Sie ist verheiratet, hat 2 erwachsene Kinder und eine Enkeltochter. Sie arbeitete jahrelang als Rechtsanw\u00e4ltin und Mediatorin, hat aber jetzt &#8211; auch wegen der intensiven T\u00e4tigkeit im Stadtrat &#8211; ihre Anwaltst\u00e4tigkeit stark eingeschr\u00e4nkt. <br \/><\/span><\/p><p><span style=\"color: #000000;\">Ihr Motto als aktive Christin: &#8222;Die Sch\u00f6pfung erhalten, Aufstehen gegen Ungerechtigkeiten jedlicher Art, Einsetzen f\u00fcr ein gutes Miteinander von Alt und Jung.&#8220; Auch nachfolgende Generationen brauchen noch Gestaltungsm\u00f6glichkeiten, &#8222;deshalb brauchen wir f\u00fcr Landshut ein Stadtentwicklungskonzept und m\u00fcssen aufh\u00f6ren, unsere Immobilien und Grundst\u00fccke zu verscherbeln&#8220;. Und &#8222;das Wichtigste f\u00fcr unsere Kinder ist Bildung &#8211; und dazu geh\u00f6rt Kultur und ein Theater mitten in der Stadt&#8220;.<\/span><\/p><p><span style=\"color: #000000;\">Ob beruflich, politisch oder in der Freizeit, ob im Sommer oder im Winter, bei Schnee oder mit Regenschirm, ist sie in Landshut mit dem Radl unterwegs. Landshut ist ihre Wahl &#8211; sie hat viele Menschen kennengelernt und Freundschaften gekn\u00fcpft. Es lohnt sich, sich f\u00fcr die B\u00fcrgerinnen und B\u00fcrger deser sch\u00f6nen Stadt einzusetzen.<\/span><\/p><p><span style=\"color: #000000;\">Funktionen im Zusammenhang mit der Stadtratsarbeit:<\/span><\/p><ul><li><span style=\"color: #000000;\">Mitglied im Liegenschaftssenat<br \/><\/span><\/li><li><span style=\"color: #000000;\">Mitglied im Sozialausschuss<\/span><\/li><li><span style=\"color: #000000;\">Mitglied im Sportsenat<\/span><\/li><li><span style=\"color: #000000;\">Mitglied im Verwaltungssenat<br \/><\/span><\/li><\/ul>\t\t\t\t\t\t\t\t<\/div>\n\t\t\t\t<\/div>\n\t\t\t\t\t<\/div>\n\t\t<\/div>\n\t\t\t\t\t<\/div>\n\t\t<\/section>\n\t\t\t\t<section class=\"elementor-section elementor-top-section elementor-element elementor-element-9dbd314 elementor-section-boxed elementor-section-height-default elementor-section-height-default\" data-id=\"9dbd314\" data-element_type=\"section\" data-e-type=\"section\">\n\t\t\t\t\t\t<div class=\"elementor-container elementor-column-gap-default\">\n\t\t\t\t\t<div class=\"elementor-column elementor-col-100 elementor-top-column elementor-element elementor-element-d84d164\" data-id=\"d84d164\" data-element_type=\"column\" data-e-type=\"column\">\n\t\t\t<div class=\"elementor-widget-wrap elementor-element-populated\">\n\t\t\t\t\t\t<div class=\"elementor-element elementor-element-23e8bb3 elementor-widget elementor-widget-text-editor\" data-id=\"23e8bb3\" data-element_type=\"widget\" data-e-type=\"widget\" data-widget_type=\"text-editor.default\">\n\t\t\t\t<div class=\"elementor-widget-container\">\n\t\t\t\t\t\t\t\t\t<p><span style=\"color: #000000;\"><strong>Kontakt:\u00a0 <\/strong><a href=\"mailto:Regine.Keyssner@gruene-fraktion.la\">Regine.Keyssner@gruene-fraktion.la<\/a><\/span><\/p>\t\t\t\t\t\t\t\t<\/div>\n\t\t\t\t<\/div>\n\t\t\t\t\t<\/div>\n\t\t<\/div>\n\t\t\t\t\t<\/div>\n\t\t<\/section>\n\t\t\t\t<\/div>\n\t\t","protected":false},"excerpt":{"rendered":"<p>&#8222;Wir haben die Erde von unseren Kindern nur geborgt\u201c. Dies hei\u00dft f\u00fcr mich als Christin: Wirtschaften im Einklang mit der Natur und immer die Schw\u00e4chsten im Blick.&#8220; Die geb\u00fcrtige \u201eW\u00fcrttembergerin\u201c&#8230; <\/p>\n","protected":false},"author":1,"featured_media":0,"parent":12,"menu_order":5,"comment_status":"closed","ping_status":"closed","template":"","meta":{"_eb_attr":"","footnotes":""},"class_list":["post-7385","page","type-page","status-publish","hentry"],"_links":{"self":[{"href":"https:\/\/gruene-fraktion.la\/index.php?rest_route=\/wp\/v2\/pages\/7385","targetHints":{"allow":["GET"]}}],"collection":[{"href":"https:\/\/gruene-fraktion.la\/index.php?rest_route=\/wp\/v2\/pages"}],"about":[{"href":"https:\/\/gruene-fraktion.la\/index.php?rest_route=\/wp\/v2\/types\/page"}],"author":[{"embeddable":true,"href":"https:\/\/gruene-fraktion.la\/index.php?rest_route=\/wp\/v2\/users\/1"}],"replies":[{"embeddable":true,"href":"https:\/\/gruene-fraktion.la\/index.php?rest_route=%2Fwp%2Fv2%2Fcomments&post=7385"}],"version-history":[{"count":13,"href":"https:\/\/gruene-fraktion.la\/index.php?rest_route=\/wp\/v2\/pages\/7385\/revisions"}],"predecessor-version":[{"id":7653,"href":"https:\/\/gruene-fraktion.la\/index.php?rest_route=\/wp\/v2\/pages\/7385\/revisions\/7653"}],"up":[{"embeddable":true,"href":"https:\/\/gruene-fraktion.la\/index.php?rest_route=\/wp\/v2\/pages\/12"}],"wp:attachment":[{"href":"https:\/\/gruene-fraktion.la\/index.php?rest_route=%2Fwp%2Fv2%2Fmedia&parent=7385"}],"curies":[{"name":"wp","href":"https:\/\/api.w.org\/{rel}","templated":true}]}}