{"id":7468,"date":"2020-05-11T10:50:11","date_gmt":"2020-05-11T10:50:11","guid":{"rendered":"https:\/\/xn--grne-fraktion-landshut-tlc.de\/?page_id=7468"},"modified":"2020-06-04T08:59:09","modified_gmt":"2020-06-04T08:59:09","slug":"tobias-weger-behl","status":"publish","type":"page","link":"https:\/\/gruene-fraktion.la\/?page_id=7468","title":{"rendered":"Tobias Weger-Behl"},"content":{"rendered":"\t\t<div data-elementor-type=\"wp-page\" data-elementor-id=\"7468\" class=\"elementor elementor-7468\">\n\t\t\t\t\t\t<section class=\"elementor-section elementor-top-section elementor-element elementor-element-91f818f elementor-section-boxed elementor-section-height-default elementor-section-height-default\" data-id=\"91f818f\" data-element_type=\"section\" data-e-type=\"section\">\n\t\t\t\t\t\t<div class=\"elementor-container elementor-column-gap-default\">\n\t\t\t\t\t<div class=\"elementor-column elementor-col-50 elementor-top-column elementor-element elementor-element-0ac3af6\" data-id=\"0ac3af6\" data-element_type=\"column\" data-e-type=\"column\">\n\t\t\t<div class=\"elementor-widget-wrap elementor-element-populated\">\n\t\t\t\t\t\t<div class=\"elementor-element elementor-element-f359f83 elementor-widget elementor-widget-image\" data-id=\"f359f83\" data-element_type=\"widget\" data-e-type=\"widget\" data-widget_type=\"image.default\">\n\t\t\t\t<div class=\"elementor-widget-container\">\n\t\t\t\t\t\t\t\t\t\t\t\t\t\t\t<img fetchpriority=\"high\" decoding=\"async\" width=\"783\" height=\"587\" src=\"https:\/\/gruene-fraktion.la\/wp-content\/uploads\/2020\/05\/14_Weger_Flyer-800x600.jpg\" class=\"attachment-large size-large wp-image-7479\" alt=\"\" srcset=\"https:\/\/gruene-fraktion.la\/wp-content\/uploads\/2020\/05\/14_Weger_Flyer-800x600.jpg 800w, https:\/\/gruene-fraktion.la\/wp-content\/uploads\/2020\/05\/14_Weger_Flyer-400x300.jpg 400w, https:\/\/gruene-fraktion.la\/wp-content\/uploads\/2020\/05\/14_Weger_Flyer-768x576.jpg 768w, https:\/\/gruene-fraktion.la\/wp-content\/uploads\/2020\/05\/14_Weger_Flyer-1536x1152.jpg 1536w, https:\/\/gruene-fraktion.la\/wp-content\/uploads\/2020\/05\/14_Weger_Flyer-2048x1536.jpg 2048w, https:\/\/gruene-fraktion.la\/wp-content\/uploads\/2020\/05\/14_Weger_Flyer-150x113.jpg 150w\" sizes=\"(max-width: 783px) 100vw, 783px\" title=\"Tobias Weger-Behl\" \/>\t\t\t\t\t\t\t\t\t\t\t\t\t\t\t<\/div>\n\t\t\t\t<\/div>\n\t\t\t\t\t<\/div>\n\t\t<\/div>\n\t\t\t\t<div class=\"elementor-column elementor-col-50 elementor-top-column elementor-element elementor-element-af9ecf1\" data-id=\"af9ecf1\" data-element_type=\"column\" data-e-type=\"column\">\n\t\t\t<div class=\"elementor-widget-wrap elementor-element-populated\">\n\t\t\t\t\t\t<div class=\"elementor-element elementor-element-185ec0b elementor-widget elementor-widget-text-editor\" data-id=\"185ec0b\" data-element_type=\"widget\" data-e-type=\"widget\" data-widget_type=\"text-editor.default\">\n\t\t\t\t<div class=\"elementor-widget-container\">\n\t\t\t\t\t\t\t\t\t<p><em>&#8222;Ich bin mit Leib und Seele Landshuter und m\u00f6chte mitwirken, die Herausforderungen der Zukunft zu meistern und unsere Stadt weiterhin lebenswert zu gestalten. Besonders am Herzen liegen mir die Kinder und Jugendlichen.&#8220;<\/em><\/p>\t\t\t\t\t\t\t\t<\/div>\n\t\t\t\t<\/div>\n\t\t\t\t\t<\/div>\n\t\t<\/div>\n\t\t\t\t\t<\/div>\n\t\t<\/section>\n\t\t\t\t<section class=\"elementor-section elementor-top-section elementor-element elementor-element-9d91a6c elementor-section-boxed elementor-section-height-default elementor-section-height-default\" data-id=\"9d91a6c\" data-element_type=\"section\" data-e-type=\"section\">\n\t\t\t\t\t\t<div class=\"elementor-container elementor-column-gap-default\">\n\t\t\t\t\t<div class=\"elementor-column elementor-col-100 elementor-top-column elementor-element elementor-element-d75d3f3\" data-id=\"d75d3f3\" data-element_type=\"column\" data-e-type=\"column\">\n\t\t\t<div class=\"elementor-widget-wrap elementor-element-populated\">\n\t\t\t\t\t\t<div class=\"elementor-element elementor-element-9f43553 elementor-widget elementor-widget-text-editor\" data-id=\"9f43553\" data-element_type=\"widget\" data-e-type=\"widget\" data-widget_type=\"text-editor.default\">\n\t\t\t\t<div class=\"elementor-widget-container\">\n\t\t\t\t\t\t\t\t\t<p><span style=\"color: #000000;\">Tobias Weger-Behl ist ein geb\u00fcrtiger Landshuter, der mit seiner Familie in der Wolfgangsiedlung wohnt. Seit seiner Jugend ist der Lehrer an der Staatlichen Realschule Landshut im Ehrenamt aktiv. Der Weg f\u00fchrte ihn von den Ministranten, wo er auch Oberministrant war, in den BDKJ Stadt-Vorstand und von dort in den Vorstand des Stadtjugendrings, dem er bis 2018 zehn Jahre als Vorsitzender angeh\u00f6ren durfte.<\/span><\/p>\n<p><span style=\"color: #000000;\">Die vielen Erfahrungen aus der Jugendarbeit sind auch weiterhin ma\u00dfgeblich f\u00fcr seine Arbeit im Stadtrat. Auch hier m\u00f6chte er Themen anpacken, die sich an den Bed\u00fcrfnissen der Menschen orientieren: \u201eIn sachorientierten Diskussionen lassen sich in einer gemeinschaftlichen Zusammenarbeit auf Augenh\u00f6he sicher Ergebnisse erzielen, die unsere Stadt noch lebenswerter machen.\u201c<\/span><\/p>\n<p><\/p>\n<p><span style=\"color: #000000;\">Au\u00dferdem ist der Neuling im Stadtrat ein begeisterter \u201eHochzeiter\u201c, der nicht nur die atemberaubende Atmosph\u00e4re auf dem Zehrplatz und die offene Herzlichkeit der Menschen bei der \u201eLandshuter Hochzeit\u201c liebt, sondern auch an der Geschichte unserer Stadt interessiert ist und sich f\u00fcr den Erhalt des historischen Stadtbildes ausspricht.<\/span><\/p>\n<p><\/p>\n<p><span style=\"color: #000000;\">\u201eDurch mein langj\u00e4hriges Engagement liegt ein Schwerpunkt meiner Stadtratsarbeit selbstverst\u00e4ndlich im sozialen Bereich. Ich m\u00f6chte gerne an meine Zeit beim Stadtjugendring ankn\u00fcpfen und beispielsweise mit der Verwaltung und den Einrichtungen den Ausbau der dezentralen Jugendtreffs in den Vierteln vorantreiben.<\/span><\/p>\n<p><span style=\"color: #000000;\">Aber nicht nur die jungen Menschen sollen ihre Treffpunkte haben, auch Familien und Senioren brauchen Orte und Zentren in den einzelnen Vierteln zur Begegnung und Gew\u00e4hrleistung eines zufriedenstellenden Lebens bis ins hohe Alter hinein.\u201c<\/span><\/p><p><br><\/p><p><span style=\"color: #000000;\">Funktionen im Zusammenhang mit der Stadtratsarbeit:<\/span><\/p><ul><li><span style=\"color: #000000;\">Mitglied im Jugendhilfeausschuss<\/span><\/li><li><span style=\"color: #000000;\">Mitglied im Senat f\u00fcr Messe, M\u00e4rkte und Dulten<br><\/span><\/li><li><span style=\"color: #000000;\">Mitglied im Rechnungspr\u00fcfungsausschuss<\/span><\/li><li><span style=\"color: #000000;\">Mitglied im Sozialausschuss<\/span><\/li><\/ul><p><span style=\"color: #000000;\"><\/span><\/p>\t\t\t\t\t\t\t\t<\/div>\n\t\t\t\t<\/div>\n\t\t\t\t\t<\/div>\n\t\t<\/div>\n\t\t\t\t\t<\/div>\n\t\t<\/section>\n\t\t\t\t<section class=\"elementor-section elementor-top-section elementor-element elementor-element-536f84f elementor-section-boxed elementor-section-height-default elementor-section-height-default\" data-id=\"536f84f\" data-element_type=\"section\" data-e-type=\"section\">\n\t\t\t\t\t\t<div class=\"elementor-container elementor-column-gap-default\">\n\t\t\t\t\t<div class=\"elementor-column elementor-col-100 elementor-top-column elementor-element elementor-element-e38ef2c\" data-id=\"e38ef2c\" data-element_type=\"column\" data-e-type=\"column\">\n\t\t\t<div class=\"elementor-widget-wrap elementor-element-populated\">\n\t\t\t\t\t\t<div class=\"elementor-element elementor-element-2599833 elementor-widget elementor-widget-text-editor\" data-id=\"2599833\" data-element_type=\"widget\" data-e-type=\"widget\" data-widget_type=\"text-editor.default\">\n\t\t\t\t<div class=\"elementor-widget-container\">\n\t\t\t\t\t\t\t\t\t<p><span style=\"color: #000000;\"><strong>Kontakt: <\/strong><a href=\"mailto:Tobias.Weger-Behl@gruene-fraktion.la\">Tobias.Weger-Behl@gruene-fraktion.la<\/a><\/span><\/p>\t\t\t\t\t\t\t\t<\/div>\n\t\t\t\t<\/div>\n\t\t\t\t\t<\/div>\n\t\t<\/div>\n\t\t\t\t\t<\/div>\n\t\t<\/section>\n\t\t\t\t<\/div>\n\t\t","protected":false},"excerpt":{"rendered":"<p>&#8222;Ich bin mit Leib und Seele Landshuter und m\u00f6chte mitwirken, die Herausforderungen der Zukunft zu meistern und unsere Stadt weiterhin lebenswert zu gestalten. Besonders am Herzen liegen mir die Kinder&#8230; <\/p>\n","protected":false},"author":1,"featured_media":0,"parent":12,"menu_order":10,"comment_status":"closed","ping_status":"closed","template":"","meta":{"_eb_attr":"","footnotes":""},"class_list":["post-7468","page","type-page","status-publish","hentry"],"_links":{"self":[{"href":"https:\/\/gruene-fraktion.la\/index.php?rest_route=\/wp\/v2\/pages\/7468","targetHints":{"allow":["GET"]}}],"collection":[{"href":"https:\/\/gruene-fraktion.la\/index.php?rest_route=\/wp\/v2\/pages"}],"about":[{"href":"https:\/\/gruene-fraktion.la\/index.php?rest_route=\/wp\/v2\/types\/page"}],"author":[{"embeddable":true,"href":"https:\/\/gruene-fraktion.la\/index.php?rest_route=\/wp\/v2\/users\/1"}],"replies":[{"embeddable":true,"href":"https:\/\/gruene-fraktion.la\/index.php?rest_route=%2Fwp%2Fv2%2Fcomments&post=7468"}],"version-history":[{"count":11,"href":"https:\/\/gruene-fraktion.la\/index.php?rest_route=\/wp\/v2\/pages\/7468\/revisions"}],"predecessor-version":[{"id":7659,"href":"https:\/\/gruene-fraktion.la\/index.php?rest_route=\/wp\/v2\/pages\/7468\/revisions\/7659"}],"up":[{"embeddable":true,"href":"https:\/\/gruene-fraktion.la\/index.php?rest_route=\/wp\/v2\/pages\/12"}],"wp:attachment":[{"href":"https:\/\/gruene-fraktion.la\/index.php?rest_route=%2Fwp%2Fv2%2Fmedia&parent=7468"}],"curies":[{"name":"wp","href":"https:\/\/api.w.org\/{rel}","templated":true}]}}