{"id":8242,"date":"2022-03-02T11:38:32","date_gmt":"2022-03-02T11:38:32","guid":{"rendered":"https:\/\/gruene-fraktion.la\/newsletter"},"modified":"2022-03-06T12:50:43","modified_gmt":"2022-03-06T12:50:43","slug":"newsletter","status":"publish","type":"page","link":"https:\/\/gruene-fraktion.la\/?page_id=8242","title":{"rendered":"Newsletter"},"content":{"rendered":"\n<h2 class=\"has-large-font-size wp-block-heading\" style=\"font-style:normal;font-weight:600\">Immer auf dem Laufenden bleiben<\/h2>\n\n\n\n<p>Abonnieren Sie unseren Newsletter und bleiben Sie auf dem Laufenden. Der Newsletter erscheint regelm\u00e4\u00dfig einmal im Monat und informiert \u00fcber aktuelle Themen im Landshuter Stadtrat und die Schwerpunkte der Arbeit der GR\u00dcNEN Stadtratsfraktion.<br><strong>Tragen Sie einfach unten Ihre E-Mail-Adresse ins K\u00e4stchen ein.<\/strong><\/p>\n\n\n\n<p class=\"has-medium-font-size\"><strong>Jetzt den Newsletter der Gr\u00fcne Stadtratsfraktion Landshut abonnieren!<\/strong><\/p>\n\n\n<p><div class=\"tnp tnp-subscription \">\n<form method=\"post\" action=\"https:\/\/gruene-fraktion.la\/wp-admin\/admin-ajax.php?action=tnp&amp;na=s\">\n<input type=\"hidden\" name=\"nlang\" value=\"\">\n<div class=\"tnp-field tnp-field-firstname\"><label for=\"tnp-1\">Vorname <\/label>\n<input class=\"tnp-name\" type=\"text\" name=\"nn\" id=\"tnp-1\" value=\"\" placeholder=\"\" required><\/div>\n<div class=\"tnp-field tnp-field-surname\"><label for=\"tnp-2\">Nachname<\/label>\n<input class=\"tnp-surname\" type=\"text\" name=\"ns\" id=\"tnp-2\" value=\"\" placeholder=\"\" required><\/div><div class=\"tnp-field tnp-field-email\"><label for=\"tnp-3\">Email<\/label>\n<input class=\"tnp-email\" type=\"email\" name=\"ne\" id=\"tnp-3\" value=\"\" placeholder=\"\" required><\/div>\n<div class=\"tnp-field tnp-privacy-field\"><label><input type=\"checkbox\" name=\"ny\" required class=\"tnp-privacy\"> <a target=\"_blank\" href=\"https:\/\/gruene-fraktion.la\/impressum-datenschutz\">Indem Du fortf\u00e4hrst, akzeptierst Du unsere Datenschutzerkl\u00e4rung.<\/a><\/label><\/div><div class=\"tnp-field tnp-field-button\" style=\"text-align: left\"><input class=\"tnp-submit\" type=\"submit\" value=\"Abonnieren\" style=\"\">\n<\/div>\n<\/form>\n<\/div>\n<\/p>\n\n\n<p class=\"has-small-font-size\">Ihre Daten nutzen wir ausschlie\u00dflich f\u00fcr den Versand der Newsletter. Ihre Daten werden nur so lange gespeichert, wie Sie den Newsletter empfangen m\u00f6chten. Die Einwilligung zur Verarbeitung Ihrer Daten k\u00f6nnen Sie jederzeit auch \u00fcber den Abmeldelink im Newsletter widerrufen.<\/p>\n","protected":false},"excerpt":{"rendered":"<p>Immer auf dem Laufenden bleiben Abonnieren Sie unseren Newsletter und bleiben Sie auf dem Laufenden. Der Newsletter erscheint regelm\u00e4\u00dfig einmal im Monat und informiert \u00fcber aktuelle Themen im Landshuter Stadtrat&#8230; <\/p>\n","protected":false},"author":1,"featured_media":0,"parent":0,"menu_order":0,"comment_status":"closed","ping_status":"closed","template":"","meta":{"_eb_attr":"","footnotes":""},"class_list":["post-8242","page","type-page","status-publish","hentry"],"_links":{"self":[{"href":"https:\/\/gruene-fraktion.la\/index.php?rest_route=\/wp\/v2\/pages\/8242","targetHints":{"allow":["GET"]}}],"collection":[{"href":"https:\/\/gruene-fraktion.la\/index.php?rest_route=\/wp\/v2\/pages"}],"about":[{"href":"https:\/\/gruene-fraktion.la\/index.php?rest_route=\/wp\/v2\/types\/page"}],"author":[{"embeddable":true,"href":"https:\/\/gruene-fraktion.la\/index.php?rest_route=\/wp\/v2\/users\/1"}],"replies":[{"embeddable":true,"href":"https:\/\/gruene-fraktion.la\/index.php?rest_route=%2Fwp%2Fv2%2Fcomments&post=8242"}],"version-history":[{"count":4,"href":"https:\/\/gruene-fraktion.la\/index.php?rest_route=\/wp\/v2\/pages\/8242\/revisions"}],"predecessor-version":[{"id":9141,"href":"https:\/\/gruene-fraktion.la\/index.php?rest_route=\/wp\/v2\/pages\/8242\/revisions\/9141"}],"wp:attachment":[{"href":"https:\/\/gruene-fraktion.la\/index.php?rest_route=%2Fwp%2Fv2%2Fmedia&parent=8242"}],"curies":[{"name":"wp","href":"https:\/\/api.w.org\/{rel}","templated":true}]}}